{"id":58788,"date":"2018-10-31T13:30:44","date_gmt":"2021-10-31T11:30:44","guid":{"rendered":"https:\/\/lintman.ee\/toode\/stove-sofia-basic-plastered\/"},"modified":"2021-10-31T13:30:44","modified_gmt":"2021-10-31T11:30:44","slug":"stove-sofia-basic-plastered","status":"publish","type":"product","link":"https:\/\/latvija.lintman.ee\/en\/toode\/stove-sofia-basic-plastered\/","title":{"rendered":"Stove Sofia Basic plastered"},"content":{"rendered":"<ul>\n<li><strong>Heat area (heated surface):<\/strong> 20-40 m\u00b2<\/li>\n<li><strong>Flue size:<\/strong> min. \u2300 150 mm<\/li>\n<li><strong>Chimney connection:<\/strong> Available from the sides and back.<\/li>\n<li><strong>The wood stove does not have a normal damper.<\/strong><br \/>\nthe cassette damper between the wood stove and the chimney costs an additional 160 \u20ac.<\/li>\n<li><strong>Stove transport<\/strong><br \/>\nAcross Estonia: 50 \u20ac<\/li>\n<li><strong>Warranty for the oven shell for 5 years!<\/strong><\/li>\n<li><strong>Additional option:<\/strong> separate supply of outside air to the stove 320 \u20ac<\/li>\n<li><strong>Installation price:<\/strong> from 400 \u20ac<\/li>\n<\/ul>\n","protected":false},"excerpt":{"rendered":"<p style=\"text-align: justify;\"><span>Warma-Uunie&#8217;s domestic storage Sofia Basic is a convenient wood stove that heats the room quickly and stores heat for a long time.\u00a0Through the glass door, you can enjoy the live fire at the same time.\u00a0You can make coffee and fry steaks on the stove top.\u00a0The coating in Sofia is a beautiful and easy-to-clean tile surface.<\/span><\/p>\n<p style=\"text-align: justify;\"><span><span class=\"\">Our stove comes with a replacement air<\/span><\/span><span><span class=\"\">\u00a0system as an accessory\u00a0<\/span><span class=\"\">, so it also meets the challenges of modern living.<\/span><\/span><\/p>\n","protected":false},"featured_media":56078,"template":"","meta":{"_acf_changed":false},"product_brand":[],"product_cat":[2691,2762],"product_tag":[],"class_list":{"0":"post-58788","1":"product","2":"type-product","3":"status-publish","4":"has-post-thumbnail","6":"product_cat-fireplaces-and-stoves","7":"product_cat-heat-storable-wood-stoves","8":"pa_kaal-550-kg-en","9":"pa_moodud-90h-x-70w-x-52d-cm","10":"pa_tootja-warma-uunit-en","11":"pa_uhendus-connectio-from-the-behind","13":"first","14":"instock","15":"taxable","16":"shipping-taxable","17":"purchasable","18":"product-type-simple"},"acf":[],"yoast_head":"<!-- This site is optimized with the Yoast SEO Premium plugin v23.4 (Yoast SEO v27.2) - https:\/\/yoast.com\/product\/yoast-seo-premium-wordpress\/ -->\n<title>Heat storage stove from 2430 \u20ac<\/title>\n<meta name=\"description\" content=\"Wood stove Sofia is a small stove that efficiently stores heat. The stove is plastered and installation takes 1-2 days. Order now!\" \/>\n<meta name=\"robots\" content=\"noindex, follow, max-snippet:-1, max-image-preview:large, max-video-preview:-1\" \/>\n<meta property=\"og:locale\" content=\"en_US\" \/>\n<meta property=\"og:type\" content=\"article\" \/>\n<meta property=\"og:title\" content=\"Stove Sofia Basic plastered\" \/>\n<meta property=\"og:description\" content=\"Wood stove Sofia is a small stove that efficiently stores heat. The stove is plastered and installation takes 1-2 days. Order now!\" \/>\n<meta property=\"og:url\" content=\"https:\/\/latvija.lintman.ee\/en\/toode\/stove-sofia-basic-plastered\/\" \/>\n<meta property=\"og:site_name\" content=\"Lintman.ee\" \/>\n<meta property=\"article:publisher\" content=\"https:\/\/www.facebook.com\/lintmaneesti\/\" \/>\n<meta property=\"og:image\" content=\"https:\/\/latvija.lintman.ee\/wp-content\/uploads\/2021\/10\/puupliit-krohvitud.jpg\" \/>\n\t<meta property=\"og:image:width\" content=\"800\" \/>\n\t<meta property=\"og:image:height\" content=\"1200\" \/>\n\t<meta property=\"og:image:type\" content=\"image\/jpeg\" \/>\n<meta name=\"twitter:card\" content=\"summary_large_image\" \/>\n<meta name=\"twitter:label1\" content=\"Price\" \/>\n\t<meta name=\"twitter:data1\" content=\"2,795.00&euro;\" \/>\n\t<meta name=\"twitter:label2\" content=\"Availability\" \/>\n\t<meta name=\"twitter:data2\" content=\"In stock\" \/>\n<script type=\"application\/ld+json\" class=\"yoast-schema-graph\">{\"@context\":\"https:\/\/schema.org\",\"@graph\":[{\"@type\":\"WebPage\",\"@id\":\"https:\/\/latvija.lintman.ee\/en\/toode\/stove-sofia-basic-plastered\/\",\"url\":\"https:\/\/latvija.lintman.ee\/en\/toode\/stove-sofia-basic-plastered\/\",\"name\":\"Heat storage stove from 2430 \u20ac\",\"isPartOf\":{\"@id\":\"https:\/\/latvija.lintman.ee\/#website\"},\"primaryImageOfPage\":{\"@id\":\"https:\/\/latvija.lintman.ee\/en\/toode\/stove-sofia-basic-plastered\/#primaryimage\"},\"image\":{\"@id\":\"https:\/\/latvija.lintman.ee\/en\/toode\/stove-sofia-basic-plastered\/#primaryimage\"},\"thumbnailUrl\":\"https:\/\/latvija.lintman.ee\/wp-content\/uploads\/2021\/10\/puupliit-krohvitud.jpg\",\"datePublished\":\"2021-10-31T11:30:44+00:00\",\"description\":\"Wood stove Sofia is a small stove that efficiently stores heat. The stove is plastered and installation takes 1-2 days. Order now!\",\"breadcrumb\":{\"@id\":\"https:\/\/latvija.lintman.ee\/en\/toode\/stove-sofia-basic-plastered\/#breadcrumb\"},\"inLanguage\":\"en-US\",\"potentialAction\":[{\"@type\":\"ReadAction\",\"target\":[\"https:\/\/latvija.lintman.ee\/en\/toode\/stove-sofia-basic-plastered\/\"]}]},{\"@type\":\"ImageObject\",\"inLanguage\":\"en-US\",\"@id\":\"https:\/\/latvija.lintman.ee\/en\/toode\/stove-sofia-basic-plastered\/#primaryimage\",\"url\":\"https:\/\/latvija.lintman.ee\/wp-content\/uploads\/2021\/10\/puupliit-krohvitud.jpg\",\"contentUrl\":\"https:\/\/latvija.lintman.ee\/wp-content\/uploads\/2021\/10\/puupliit-krohvitud.jpg\",\"width\":800,\"height\":1200,\"caption\":\"v\u00e4ike puupliit v\u00e4ikses k\u00f6\u00f6gis\"},{\"@type\":\"BreadcrumbList\",\"@id\":\"https:\/\/latvija.lintman.ee\/en\/toode\/stove-sofia-basic-plastered\/#breadcrumb\",\"itemListElement\":[{\"@type\":\"ListItem\",\"position\":1,\"name\":\"Home\",\"item\":\"https:\/\/latvija.lintman.ee\/\"},{\"@type\":\"ListItem\",\"position\":2,\"name\":\"E-pood\",\"item\":\"https:\/\/latvija.lintman.ee\/vannitoasisustus\/\"},{\"@type\":\"ListItem\",\"position\":3,\"name\":\"Stove Sofia Basic plastered\"}]},{\"@type\":\"WebSite\",\"@id\":\"https:\/\/latvija.lintman.ee\/#website\",\"url\":\"https:\/\/latvija.lintman.ee\/\",\"name\":\"Lintman.ee\",\"description\":\"\",\"potentialAction\":[{\"@type\":\"SearchAction\",\"target\":{\"@type\":\"EntryPoint\",\"urlTemplate\":\"https:\/\/latvija.lintman.ee\/?s={search_term_string}\"},\"query-input\":{\"@type\":\"PropertyValueSpecification\",\"valueRequired\":true,\"valueName\":\"search_term_string\"}}],\"inLanguage\":\"en-US\"}]}<\/script>\n<meta property=\"product:price:amount\" content=\"2795.00\" \/>\n<meta property=\"product:price:currency\" content=\"EUR\" \/>\n<meta property=\"og:availability\" content=\"instock\" \/>\n<meta property=\"product:availability\" content=\"instock\" \/>\n<meta property=\"product:retailer_item_id\" content=\"WAR0016-1\" \/>\n<meta property=\"product:condition\" content=\"new\" \/>\n<!-- \/ Yoast SEO Premium plugin. -->","yoast_head_json":{"title":"Heat storage stove from 2430 \u20ac","description":"Wood stove Sofia is a small stove that efficiently stores heat. The stove is plastered and installation takes 1-2 days. Order now!","robots":{"index":"noindex","follow":"follow","max-snippet":"max-snippet:-1","max-image-preview":"max-image-preview:large","max-video-preview":"max-video-preview:-1"},"og_locale":"en_US","og_type":"article","og_title":"Stove Sofia Basic plastered","og_description":"Wood stove Sofia is a small stove that efficiently stores heat. The stove is plastered and installation takes 1-2 days. Order now!","og_url":"https:\/\/latvija.lintman.ee\/en\/toode\/stove-sofia-basic-plastered\/","og_site_name":"Lintman.ee","article_publisher":"https:\/\/www.facebook.com\/lintmaneesti\/","og_image":[{"width":800,"height":1200,"url":"https:\/\/latvija.lintman.ee\/wp-content\/uploads\/2021\/10\/puupliit-krohvitud.jpg","type":"image\/jpeg"}],"twitter_card":"summary_large_image","twitter_misc":{"Price":"2,795.00&euro;","Availability":"In stock"},"schema":{"@context":"https:\/\/schema.org","@graph":[{"@type":"WebPage","@id":"https:\/\/latvija.lintman.ee\/en\/toode\/stove-sofia-basic-plastered\/","url":"https:\/\/latvija.lintman.ee\/en\/toode\/stove-sofia-basic-plastered\/","name":"Heat storage stove from 2430 \u20ac","isPartOf":{"@id":"https:\/\/latvija.lintman.ee\/#website"},"primaryImageOfPage":{"@id":"https:\/\/latvija.lintman.ee\/en\/toode\/stove-sofia-basic-plastered\/#primaryimage"},"image":{"@id":"https:\/\/latvija.lintman.ee\/en\/toode\/stove-sofia-basic-plastered\/#primaryimage"},"thumbnailUrl":"https:\/\/latvija.lintman.ee\/wp-content\/uploads\/2021\/10\/puupliit-krohvitud.jpg","datePublished":"2021-10-31T11:30:44+00:00","description":"Wood stove Sofia is a small stove that efficiently stores heat. The stove is plastered and installation takes 1-2 days. Order now!","breadcrumb":{"@id":"https:\/\/latvija.lintman.ee\/en\/toode\/stove-sofia-basic-plastered\/#breadcrumb"},"inLanguage":"en-US","potentialAction":[{"@type":"ReadAction","target":["https:\/\/latvija.lintman.ee\/en\/toode\/stove-sofia-basic-plastered\/"]}]},{"@type":"ImageObject","inLanguage":"en-US","@id":"https:\/\/latvija.lintman.ee\/en\/toode\/stove-sofia-basic-plastered\/#primaryimage","url":"https:\/\/latvija.lintman.ee\/wp-content\/uploads\/2021\/10\/puupliit-krohvitud.jpg","contentUrl":"https:\/\/latvija.lintman.ee\/wp-content\/uploads\/2021\/10\/puupliit-krohvitud.jpg","width":800,"height":1200,"caption":"v\u00e4ike puupliit v\u00e4ikses k\u00f6\u00f6gis"},{"@type":"BreadcrumbList","@id":"https:\/\/latvija.lintman.ee\/en\/toode\/stove-sofia-basic-plastered\/#breadcrumb","itemListElement":[{"@type":"ListItem","position":1,"name":"Home","item":"https:\/\/latvija.lintman.ee\/"},{"@type":"ListItem","position":2,"name":"E-pood","item":"https:\/\/latvija.lintman.ee\/vannitoasisustus\/"},{"@type":"ListItem","position":3,"name":"Stove Sofia Basic plastered"}]},{"@type":"WebSite","@id":"https:\/\/latvija.lintman.ee\/#website","url":"https:\/\/latvija.lintman.ee\/","name":"Lintman.ee","description":"","potentialAction":[{"@type":"SearchAction","target":{"@type":"EntryPoint","urlTemplate":"https:\/\/latvija.lintman.ee\/?s={search_term_string}"},"query-input":{"@type":"PropertyValueSpecification","valueRequired":true,"valueName":"search_term_string"}}],"inLanguage":"en-US"}]},"product_price_amount":"2795.00","product_price_currency":"EUR","og_availability":"instock","product_availability":"instock","product_retailer_item_id":"WAR0016-1","product_condition":"new"},"_links":{"self":[{"href":"https:\/\/latvija.lintman.ee\/en\/wp-json\/wp\/v2\/product\/58788","targetHints":{"allow":["GET"]}}],"collection":[{"href":"https:\/\/latvija.lintman.ee\/en\/wp-json\/wp\/v2\/product"}],"about":[{"href":"https:\/\/latvija.lintman.ee\/en\/wp-json\/wp\/v2\/types\/product"}],"wp:featuredmedia":[{"embeddable":true,"href":"https:\/\/latvija.lintman.ee\/en\/wp-json\/wp\/v2\/media\/56078"}],"wp:attachment":[{"href":"https:\/\/latvija.lintman.ee\/en\/wp-json\/wp\/v2\/media?parent=58788"}],"wp:term":[{"taxonomy":"product_brand","embeddable":true,"href":"https:\/\/latvija.lintman.ee\/en\/wp-json\/wp\/v2\/product_brand?post=58788"},{"taxonomy":"product_cat","embeddable":true,"href":"https:\/\/latvija.lintman.ee\/en\/wp-json\/wp\/v2\/product_cat?post=58788"},{"taxonomy":"product_tag","embeddable":true,"href":"https:\/\/latvija.lintman.ee\/en\/wp-json\/wp\/v2\/product_tag?post=58788"}],"curies":[{"name":"wp","href":"https:\/\/api.w.org\/{rel}","templated":true}]}}