{"id":58787,"date":"2018-10-31T13:19:09","date_gmt":"2021-10-31T11:19:09","guid":{"rendered":"https:\/\/lintman.ee\/toode\/stove-serafiina-with-bread-oven\/"},"modified":"2021-10-31T13:19:09","modified_gmt":"2021-10-31T11:19:09","slug":"stove-serafiina-with-bread-oven","status":"publish","type":"product","link":"https:\/\/latvija.lintman.ee\/en\/toode\/stove-serafiina-with-bread-oven\/","title":{"rendered":"Stove Serafiina with bread oven"},"content":{"rendered":"<ul>\n<li><strong>Heating area (heated surface):<\/strong> 30-60 m\u00b2<\/li>\n<li><strong>Flue size:<\/strong> min. \u2300 150 mm<\/li>\n<li><strong>Chimney connection:<\/strong> the wood stove can be connected from the sides and back.<\/li>\n<li><strong>The stove does not have a normal damper.<\/strong><br \/>\nThe cassette damper between the stove and the chimney costs an additional 160 \u20ac.<\/li>\n<li><strong>Stove transport<\/strong><br \/>\nAcross Estonia: 50 \u20ac<\/li>\n<li><strong>Warranty for the oven shell 5 years<\/strong><\/li>\n<li><strong>Product installation:<\/strong> from 590 \u20ac<\/li>\n<li><strong>Additional option:<\/strong> separate supply of outside air to the stove 320 \u20ac<\/li>\n<\/ul>\n","protected":false},"excerpt":{"rendered":"<p style=\"text-align: justify;\"><span>Warma-Uunie&#8217;s domestic Serafiina bread oven is a wood-burning noble, with which you can bake crispy crusted breads, slowly cook juicy roasts, boil potatoes and heat your home while enjoying the atmosphere of a real fire, and it doesn&#8217;t use a watt of electricity!<\/span><\/p>\n<p style=\"text-align: justify;\"><span>An authentic baking oven is traditionally heated by burning wood in the oven, and the body weighing a thousand kilograms keeps the baking temperature constant, and the heat lasts for a long time.\u00a0When burning in the oven, the hob also gets warm.\u00a0By burning in the firebox alone, the oven does not heat up to baking temperatures, but the hob heats up quickly and it is easier to adjust the temperature of the plates to suit the need.<\/span><\/p>\n<p style=\"text-align: justify;\"><span>A stove with a baking oven is also an incomparable and atmospheric heater.\u00a0The hob gives off heat quickly and the reserving body warms for a long time and comfortably.\u00a0The body heats up both in the oven and in the nest by burning.\u00a0By burning in the oven, you can also enjoy the glow of a real fire through the glass door.<\/span><\/p>\n<p style=\"text-align: justify;\"><span>You can choose from Pukkila&#8217;s 200\u00d7250 mm tiles designed in Finland to your liking.\u00a0Shaped tile corners finish off the wonderful tiled surface of the stove and are glazed to match Pukkila tiles.\u00a0Shaped tiles are made by hand in Warma-Uunie&#8217;s own tile factory in Uusikaupunki.\u00a0Also available in 300\u00d7600 mm tile, ask the factory for colors.<\/span><\/p>\n<p style=\"text-align: justify;\"><span>Our wood shelves also come with a replacement air<\/span><span>\u00a0system as an accessory\u00a0, so it also meets the challenges of modern living.<\/span><\/p>\n<p style=\"text-align: justify;\"><strong>The stove is also available as a mirror image.<\/strong><\/p>\n","protected":false},"featured_media":56077,"template":"","meta":{"_acf_changed":false},"product_brand":[],"product_cat":[2691,2762],"product_tag":[],"class_list":{"0":"post-58787","1":"product","2":"type-product","3":"status-publish","4":"has-post-thumbnail","6":"product_cat-fireplaces-and-stoves","7":"product_cat-heat-storable-wood-stoves","8":"pa_kaal-800-kg-en","9":"pa_moodud-90h-x-96d-x-63w-cm","10":"pa_tootja-warma-uunit-en","11":"pa_uhendus-connectio-from-the-behind","13":"first","14":"instock","15":"taxable","16":"shipping-taxable","17":"purchasable","18":"product-type-simple"},"acf":[],"yoast_head":"<!-- This site is optimized with the Yoast SEO Premium plugin v23.4 (Yoast SEO v27.2) - https:\/\/yoast.com\/product\/yoast-seo-premium-wordpress\/ -->\n<title>Wood stove Serafiina - not just a frying oven, but a real stone oven with a living fire!<\/title>\n<meta name=\"description\" content=\"The Serafiina wood stove is covered with tiles. The stove has a separately heated stone oven for pizza and bread. Order now!\" \/>\n<meta name=\"robots\" content=\"noindex, follow, max-snippet:-1, max-image-preview:large, max-video-preview:-1\" \/>\n<meta property=\"og:locale\" content=\"en_US\" \/>\n<meta property=\"og:type\" content=\"article\" \/>\n<meta property=\"og:title\" content=\"Stove Serafiina with bread oven\" \/>\n<meta property=\"og:description\" content=\"The Serafiina wood stove is covered with tiles. The stove has a separately heated stone oven for pizza and bread. Order now!\" \/>\n<meta property=\"og:url\" content=\"https:\/\/latvija.lintman.ee\/en\/toode\/stove-serafiina-with-bread-oven\/\" \/>\n<meta property=\"og:site_name\" content=\"Lintman.ee\" \/>\n<meta property=\"article:publisher\" content=\"https:\/\/www.facebook.com\/lintmaneesti\/\" \/>\n<meta property=\"og:image\" content=\"https:\/\/latvija.lintman.ee\/wp-content\/uploads\/2021\/10\/puupliit-serafiina-leivaahjuga.jpg\" \/>\n\t<meta property=\"og:image:width\" content=\"800\" \/>\n\t<meta property=\"og:image:height\" content=\"1200\" \/>\n\t<meta property=\"og:image:type\" content=\"image\/jpeg\" \/>\n<meta name=\"twitter:card\" content=\"summary_large_image\" \/>\n<meta name=\"twitter:label1\" content=\"Price\" \/>\n\t<meta name=\"twitter:data1\" content=\"5,290.00&euro;\" \/>\n\t<meta name=\"twitter:label2\" content=\"Availability\" \/>\n\t<meta name=\"twitter:data2\" content=\"In stock\" \/>\n<script type=\"application\/ld+json\" class=\"yoast-schema-graph\">{\"@context\":\"https:\/\/schema.org\",\"@graph\":[{\"@type\":\"WebPage\",\"@id\":\"https:\/\/latvija.lintman.ee\/en\/toode\/stove-serafiina-with-bread-oven\/\",\"url\":\"https:\/\/latvija.lintman.ee\/en\/toode\/stove-serafiina-with-bread-oven\/\",\"name\":\"Wood stove Serafiina - not just a frying oven, but a real stone oven with a living fire!\",\"isPartOf\":{\"@id\":\"https:\/\/latvija.lintman.ee\/#website\"},\"primaryImageOfPage\":{\"@id\":\"https:\/\/latvija.lintman.ee\/en\/toode\/stove-serafiina-with-bread-oven\/#primaryimage\"},\"image\":{\"@id\":\"https:\/\/latvija.lintman.ee\/en\/toode\/stove-serafiina-with-bread-oven\/#primaryimage\"},\"thumbnailUrl\":\"https:\/\/latvija.lintman.ee\/wp-content\/uploads\/2021\/10\/puupliit-serafiina-leivaahjuga.jpg\",\"datePublished\":\"2021-10-31T11:19:09+00:00\",\"description\":\"The Serafiina wood stove is covered with tiles. The stove has a separately heated stone oven for pizza and bread. Order now!\",\"breadcrumb\":{\"@id\":\"https:\/\/latvija.lintman.ee\/en\/toode\/stove-serafiina-with-bread-oven\/#breadcrumb\"},\"inLanguage\":\"en-US\",\"potentialAction\":[{\"@type\":\"ReadAction\",\"target\":[\"https:\/\/latvija.lintman.ee\/en\/toode\/stove-serafiina-with-bread-oven\/\"]}]},{\"@type\":\"ImageObject\",\"inLanguage\":\"en-US\",\"@id\":\"https:\/\/latvija.lintman.ee\/en\/toode\/stove-serafiina-with-bread-oven\/#primaryimage\",\"url\":\"https:\/\/latvija.lintman.ee\/wp-content\/uploads\/2021\/10\/puupliit-serafiina-leivaahjuga.jpg\",\"contentUrl\":\"https:\/\/latvija.lintman.ee\/wp-content\/uploads\/2021\/10\/puupliit-serafiina-leivaahjuga.jpg\",\"width\":800,\"height\":1200,\"caption\":\"v\u00e4ikses k\u00f6\u00f6gis ilus leivaahjuga pliit\"},{\"@type\":\"BreadcrumbList\",\"@id\":\"https:\/\/latvija.lintman.ee\/en\/toode\/stove-serafiina-with-bread-oven\/#breadcrumb\",\"itemListElement\":[{\"@type\":\"ListItem\",\"position\":1,\"name\":\"Home\",\"item\":\"https:\/\/latvija.lintman.ee\/\"},{\"@type\":\"ListItem\",\"position\":2,\"name\":\"E-pood\",\"item\":\"https:\/\/latvija.lintman.ee\/vannitoasisustus\/\"},{\"@type\":\"ListItem\",\"position\":3,\"name\":\"Stove Serafiina with bread oven\"}]},{\"@type\":\"WebSite\",\"@id\":\"https:\/\/latvija.lintman.ee\/#website\",\"url\":\"https:\/\/latvija.lintman.ee\/\",\"name\":\"Lintman.ee\",\"description\":\"\",\"potentialAction\":[{\"@type\":\"SearchAction\",\"target\":{\"@type\":\"EntryPoint\",\"urlTemplate\":\"https:\/\/latvija.lintman.ee\/?s={search_term_string}\"},\"query-input\":{\"@type\":\"PropertyValueSpecification\",\"valueRequired\":true,\"valueName\":\"search_term_string\"}}],\"inLanguage\":\"en-US\"}]}<\/script>\n<meta property=\"product:price:amount\" content=\"5290.00\" \/>\n<meta property=\"product:price:currency\" content=\"EUR\" \/>\n<meta property=\"og:availability\" content=\"instock\" \/>\n<meta property=\"product:availability\" content=\"instock\" \/>\n<meta property=\"product:retailer_item_id\" content=\"WAR0006\u00a0-1\" \/>\n<meta property=\"product:condition\" content=\"new\" \/>\n<!-- \/ Yoast SEO Premium plugin. -->","yoast_head_json":{"title":"Wood stove Serafiina - not just a frying oven, but a real stone oven with a living fire!","description":"The Serafiina wood stove is covered with tiles. The stove has a separately heated stone oven for pizza and bread. Order now!","robots":{"index":"noindex","follow":"follow","max-snippet":"max-snippet:-1","max-image-preview":"max-image-preview:large","max-video-preview":"max-video-preview:-1"},"og_locale":"en_US","og_type":"article","og_title":"Stove Serafiina with bread oven","og_description":"The Serafiina wood stove is covered with tiles. The stove has a separately heated stone oven for pizza and bread. Order now!","og_url":"https:\/\/latvija.lintman.ee\/en\/toode\/stove-serafiina-with-bread-oven\/","og_site_name":"Lintman.ee","article_publisher":"https:\/\/www.facebook.com\/lintmaneesti\/","og_image":[{"width":800,"height":1200,"url":"https:\/\/latvija.lintman.ee\/wp-content\/uploads\/2021\/10\/puupliit-serafiina-leivaahjuga.jpg","type":"image\/jpeg"}],"twitter_card":"summary_large_image","twitter_misc":{"Price":"5,290.00&euro;","Availability":"In stock"},"schema":{"@context":"https:\/\/schema.org","@graph":[{"@type":"WebPage","@id":"https:\/\/latvija.lintman.ee\/en\/toode\/stove-serafiina-with-bread-oven\/","url":"https:\/\/latvija.lintman.ee\/en\/toode\/stove-serafiina-with-bread-oven\/","name":"Wood stove Serafiina - not just a frying oven, but a real stone oven with a living fire!","isPartOf":{"@id":"https:\/\/latvija.lintman.ee\/#website"},"primaryImageOfPage":{"@id":"https:\/\/latvija.lintman.ee\/en\/toode\/stove-serafiina-with-bread-oven\/#primaryimage"},"image":{"@id":"https:\/\/latvija.lintman.ee\/en\/toode\/stove-serafiina-with-bread-oven\/#primaryimage"},"thumbnailUrl":"https:\/\/latvija.lintman.ee\/wp-content\/uploads\/2021\/10\/puupliit-serafiina-leivaahjuga.jpg","datePublished":"2021-10-31T11:19:09+00:00","description":"The Serafiina wood stove is covered with tiles. The stove has a separately heated stone oven for pizza and bread. Order now!","breadcrumb":{"@id":"https:\/\/latvija.lintman.ee\/en\/toode\/stove-serafiina-with-bread-oven\/#breadcrumb"},"inLanguage":"en-US","potentialAction":[{"@type":"ReadAction","target":["https:\/\/latvija.lintman.ee\/en\/toode\/stove-serafiina-with-bread-oven\/"]}]},{"@type":"ImageObject","inLanguage":"en-US","@id":"https:\/\/latvija.lintman.ee\/en\/toode\/stove-serafiina-with-bread-oven\/#primaryimage","url":"https:\/\/latvija.lintman.ee\/wp-content\/uploads\/2021\/10\/puupliit-serafiina-leivaahjuga.jpg","contentUrl":"https:\/\/latvija.lintman.ee\/wp-content\/uploads\/2021\/10\/puupliit-serafiina-leivaahjuga.jpg","width":800,"height":1200,"caption":"v\u00e4ikses k\u00f6\u00f6gis ilus leivaahjuga pliit"},{"@type":"BreadcrumbList","@id":"https:\/\/latvija.lintman.ee\/en\/toode\/stove-serafiina-with-bread-oven\/#breadcrumb","itemListElement":[{"@type":"ListItem","position":1,"name":"Home","item":"https:\/\/latvija.lintman.ee\/"},{"@type":"ListItem","position":2,"name":"E-pood","item":"https:\/\/latvija.lintman.ee\/vannitoasisustus\/"},{"@type":"ListItem","position":3,"name":"Stove Serafiina with bread oven"}]},{"@type":"WebSite","@id":"https:\/\/latvija.lintman.ee\/#website","url":"https:\/\/latvija.lintman.ee\/","name":"Lintman.ee","description":"","potentialAction":[{"@type":"SearchAction","target":{"@type":"EntryPoint","urlTemplate":"https:\/\/latvija.lintman.ee\/?s={search_term_string}"},"query-input":{"@type":"PropertyValueSpecification","valueRequired":true,"valueName":"search_term_string"}}],"inLanguage":"en-US"}]},"product_price_amount":"5290.00","product_price_currency":"EUR","og_availability":"instock","product_availability":"instock","product_retailer_item_id":"WAR0006\u00a0-1","product_condition":"new"},"_links":{"self":[{"href":"https:\/\/latvija.lintman.ee\/en\/wp-json\/wp\/v2\/product\/58787","targetHints":{"allow":["GET"]}}],"collection":[{"href":"https:\/\/latvija.lintman.ee\/en\/wp-json\/wp\/v2\/product"}],"about":[{"href":"https:\/\/latvija.lintman.ee\/en\/wp-json\/wp\/v2\/types\/product"}],"wp:featuredmedia":[{"embeddable":true,"href":"https:\/\/latvija.lintman.ee\/en\/wp-json\/wp\/v2\/media\/56077"}],"wp:attachment":[{"href":"https:\/\/latvija.lintman.ee\/en\/wp-json\/wp\/v2\/media?parent=58787"}],"wp:term":[{"taxonomy":"product_brand","embeddable":true,"href":"https:\/\/latvija.lintman.ee\/en\/wp-json\/wp\/v2\/product_brand?post=58787"},{"taxonomy":"product_cat","embeddable":true,"href":"https:\/\/latvija.lintman.ee\/en\/wp-json\/wp\/v2\/product_cat?post=58787"},{"taxonomy":"product_tag","embeddable":true,"href":"https:\/\/latvija.lintman.ee\/en\/wp-json\/wp\/v2\/product_tag?post=58787"}],"curies":[{"name":"wp","href":"https:\/\/api.w.org\/{rel}","templated":true}]}}