{"id":56914,"date":"2018-08-19T07:00:14","date_gmt":"2018-08-19T04:00:14","guid":{"rendered":"https:\/\/lintman.ee\/toode\/round-stove-aulikki-classic\/"},"modified":"2022-07-06T13:13:22","modified_gmt":"2022-07-06T10:13:22","slug":"round-stove-aulikki-classic","status":"publish","type":"product","link":"https:\/\/latvija.lintman.ee\/en\/toode\/round-stove-aulikki-classic\/","title":{"rendered":"Round stove Aulikki Classic"},"content":{"rendered":"<p><strong>Round stove Aulikki\u00a0<\/strong><\/p>\n<ul>\n<li><strong>Heating area<\/strong> (heated surface): 50 &#8211; 70 m\u00b2<\/li>\n<li><strong>Flue size<\/strong>: min. \u2300 150 mm<\/li>\n<li><strong>Flue connection height from the floor:<\/strong> 1580 mm (for a 2100 mm high oven)<\/li>\n<li><strong>Chimney connection:<\/strong> Available with top, top and bottom interface. In the case of the bottom interface there is not a summer damper.<\/li>\n<li><strong>The round stove does not have a winter damper<\/strong> (summer aka direct damper is included in the price).<\/li>\n<li>The additional air damper inside the oven costs extra <strong>\u20ac 320.<\/strong><\/li>\n<li>The cassette damper between the rounded fireplace and the chimney costs an additional <strong>160 \u20ac.<\/strong><\/li>\n<li><strong>An extra height can be added to this model.<\/strong><br \/>\nAn additional height of 100 mm costs <strong>240 \u20ac.<\/strong><br \/>\nThe maximum height of the model is 2300 mm.<\/li>\n<li><strong>Product transport<\/strong><br \/>\nAcross Estonia: <strong>50 \u20ac<\/strong><\/li>\n<li><strong>Warranty for the oven shell 5 years.<\/strong><\/li>\n<li><strong>Installation price: from 590 \u20ac<\/strong><\/li>\n<li>Ask for other options for covering the stove: The round oven can be in any color.<\/li>\n<\/ul>\n<h2><strong>Installation<\/strong><\/h2>\n<ul>\n<li><em><a href=\"https:\/\/latvija.lintman.ee\/wp-content\/uploads\/2016\/01\/Lisa\u00f5hk-p\u00f5lemiseks.pdf\" target=\"_blank\" rel=\"noopener noreferrer\">Scheme for bringing additional air <\/a><\/em><\/li>\n<li><em><a href=\"https:\/\/latvija.lintman.ee\/wp-content\/uploads\/2016\/01\/P\u00f5lemis-p\u00f5him\u00f5tted.pdf\" target=\"_blank\" rel=\"noopener noreferrer\">Fireplace heating process<\/a><strong><a href=\"https:\/\/latvija.lintman.ee\/wp-content\/uploads\/2014\/04\/\u00dcldkasutusjuhend-soojust-salvestavale-kaminahjule.pdf\" target=\"_blank\" rel=\"noopener noreferrer\"><br \/>\n<\/a><\/strong><\/em><\/li>\n<\/ul>\n","protected":false},"excerpt":{"rendered":"<p style=\"text-align: justify;\"><em><strong>A round stove varies in price depending on height, equipment and finish. Feel free to ask for a price offer or call +372 56 495 559!<\/strong><\/em><\/p>\n<p style=\"text-align: justify;\">Aulikki is a round stove with a large and eye-catching glass door. Aulikki is one of the most stylish round stove that stores efficiently but releases heat gradually. Suitable for a more spacious home or cottage.<\/p>\n<p style=\"text-align: justify;\"><strong>WarmaUuni Wood burning process &#8211;<\/strong><\/p>\n<p style=\"text-align: justify;\">Less trees, less emissions and more power!<\/p>\n<p style=\"text-align: justify;\">Warma Ounit has developed and patented a new generation of combustion technology to reduce the amount of wood and pellets burned. Thanks to the new technology, to heat the firplace you need 50% less foods and at the same time the amount of of emissions from combustion has decreased.<\/p>\n<p style=\"text-align: justify;\">Thanks to the air inlets, wich are located in the rear wall of the rounded firplace, the combustion process is much more efficient compared to other modular fireplaces. Due to the increased flow of oxygen, the amount of wood used for heating is decreased because it burns more efficiently. With a constant flow of oxygen, the wood burns at extremely high temperatures, which ensures a higher amount of heat from the rounded fireplace.<\/p>\n","protected":false},"featured_media":40522,"template":"","meta":{"_acf_changed":false},"product_brand":[],"product_cat":[2701,2691,2700,2692],"product_tag":[],"class_list":{"0":"post-56914","1":"product","2":"type-product","3":"status-publish","4":"has-post-thumbnail","6":"product_cat-country-house-stoves","7":"product_cat-fireplaces-and-stoves","8":"product_cat-modern-modular-firplaces","9":"product_cat-rounded-firplaces","10":"pa_kaal-1100-kg-en","11":"pa_moodud-210x67-cm-en","12":"pa_paigutus-straight-model","13":"pa_siiber-summer-damper-included","14":"pa_tootja-warma-uunit-en","15":"pa_uhendus-connectio-from-the-behind","16":"pa_uhendus-connection-from-the-bottom","17":"pa_uhendus-connectio-from-the-top","19":"first","20":"instock","21":"taxable","22":"shipping-taxable","23":"purchasable","24":"product-type-simple"},"acf":[],"yoast_head":"<!-- This site is optimized with the Yoast SEO Premium plugin v23.4 (Yoast SEO v27.2) - https:\/\/yoast.com\/product\/yoast-seo-premium-wordpress\/ -->\n<title>Round Stove Aulikki - 3730 \u20ac - Stylish and heat-storing for up to 24 hours<\/title>\n<meta name=\"description\" content=\"Aulikki round stove is a space-saving modular firplace designed to heat your home and enjoy a live fire.\" \/>\n<meta name=\"robots\" content=\"noindex, follow, max-snippet:-1, max-image-preview:large, max-video-preview:-1\" \/>\n<meta property=\"og:locale\" content=\"en_US\" \/>\n<meta property=\"og:type\" content=\"article\" \/>\n<meta property=\"og:title\" content=\"Round stove Aulikki Classic\" \/>\n<meta property=\"og:description\" content=\"Aulikki round stove is a space-saving modular firplace designed to heat your home and enjoy a live fire.\" \/>\n<meta property=\"og:url\" content=\"https:\/\/latvija.lintman.ee\/en\/toode\/round-stove-aulikki-classic\/\" \/>\n<meta property=\"og:site_name\" content=\"Lintman.ee\" \/>\n<meta property=\"article:publisher\" content=\"https:\/\/www.facebook.com\/lintmaneesti\/\" \/>\n<meta property=\"article:modified_time\" content=\"2022-07-06T10:13:22+00:00\" \/>\n<meta property=\"og:image\" content=\"https:\/\/latvija.lintman.ee\/wp-content\/uploads\/2018\/08\/AulikkiClassic.jpg\" \/>\n\t<meta property=\"og:image:width\" content=\"606\" \/>\n\t<meta property=\"og:image:height\" content=\"933\" \/>\n\t<meta property=\"og:image:type\" content=\"image\/jpeg\" \/>\n<meta name=\"twitter:card\" content=\"summary_large_image\" \/>\n<meta name=\"twitter:label1\" content=\"Price\" \/>\n\t<meta name=\"twitter:data1\" content=\"4,105.00&euro;\" \/>\n\t<meta name=\"twitter:label2\" content=\"Availability\" \/>\n\t<meta name=\"twitter:data2\" content=\"In stock\" \/>\n<script type=\"application\/ld+json\" class=\"yoast-schema-graph\">{\"@context\":\"https:\/\/schema.org\",\"@graph\":[{\"@type\":\"WebPage\",\"@id\":\"https:\/\/latvija.lintman.ee\/en\/toode\/round-stove-aulikki-classic\/\",\"url\":\"https:\/\/latvija.lintman.ee\/en\/toode\/round-stove-aulikki-classic\/\",\"name\":\"Round Stove Aulikki - 3730 \u20ac - Stylish and heat-storing for up to 24 hours\",\"isPartOf\":{\"@id\":\"https:\/\/latvija.lintman.ee\/#website\"},\"primaryImageOfPage\":{\"@id\":\"https:\/\/latvija.lintman.ee\/en\/toode\/round-stove-aulikki-classic\/#primaryimage\"},\"image\":{\"@id\":\"https:\/\/latvija.lintman.ee\/en\/toode\/round-stove-aulikki-classic\/#primaryimage\"},\"thumbnailUrl\":\"https:\/\/latvija.lintman.ee\/wp-content\/uploads\/2018\/08\/AulikkiClassic.jpg\",\"datePublished\":\"2018-08-19T04:00:14+00:00\",\"dateModified\":\"2022-07-06T10:13:22+00:00\",\"description\":\"Aulikki round stove is a space-saving modular firplace designed to heat your home and enjoy a live fire.\",\"breadcrumb\":{\"@id\":\"https:\/\/latvija.lintman.ee\/en\/toode\/round-stove-aulikki-classic\/#breadcrumb\"},\"inLanguage\":\"en-US\",\"potentialAction\":[{\"@type\":\"ReadAction\",\"target\":[\"https:\/\/latvija.lintman.ee\/en\/toode\/round-stove-aulikki-classic\/\"]}]},{\"@type\":\"ImageObject\",\"inLanguage\":\"en-US\",\"@id\":\"https:\/\/latvija.lintman.ee\/en\/toode\/round-stove-aulikki-classic\/#primaryimage\",\"url\":\"https:\/\/latvija.lintman.ee\/wp-content\/uploads\/2018\/08\/AulikkiClassic.jpg\",\"contentUrl\":\"https:\/\/latvija.lintman.ee\/wp-content\/uploads\/2018\/08\/AulikkiClassic.jpg\",\"width\":606,\"height\":933,\"caption\":\"\u00dcmarahi Aulikki Classic\"},{\"@type\":\"BreadcrumbList\",\"@id\":\"https:\/\/latvija.lintman.ee\/en\/toode\/round-stove-aulikki-classic\/#breadcrumb\",\"itemListElement\":[{\"@type\":\"ListItem\",\"position\":1,\"name\":\"Home\",\"item\":\"https:\/\/latvija.lintman.ee\/\"},{\"@type\":\"ListItem\",\"position\":2,\"name\":\"E-pood\",\"item\":\"https:\/\/latvija.lintman.ee\/vannitoasisustus\/\"},{\"@type\":\"ListItem\",\"position\":3,\"name\":\"Round stove Aulikki Classic\"}]},{\"@type\":\"WebSite\",\"@id\":\"https:\/\/latvija.lintman.ee\/#website\",\"url\":\"https:\/\/latvija.lintman.ee\/\",\"name\":\"Lintman.ee\",\"description\":\"\",\"potentialAction\":[{\"@type\":\"SearchAction\",\"target\":{\"@type\":\"EntryPoint\",\"urlTemplate\":\"https:\/\/latvija.lintman.ee\/?s={search_term_string}\"},\"query-input\":{\"@type\":\"PropertyValueSpecification\",\"valueRequired\":true,\"valueName\":\"search_term_string\"}}],\"inLanguage\":\"en-US\"}]}<\/script>\n<meta property=\"product:price:amount\" content=\"4105.00\" \/>\n<meta property=\"product:price:currency\" content=\"EUR\" \/>\n<meta property=\"og:availability\" content=\"instock\" \/>\n<meta property=\"product:availability\" content=\"instock\" \/>\n<meta property=\"product:retailer_item_id\" content=\"WAR0005\" \/>\n<meta property=\"product:condition\" content=\"new\" \/>\n<!-- \/ Yoast SEO Premium plugin. -->","yoast_head_json":{"title":"Round Stove Aulikki - 3730 \u20ac - Stylish and heat-storing for up to 24 hours","description":"Aulikki round stove is a space-saving modular firplace designed to heat your home and enjoy a live fire.","robots":{"index":"noindex","follow":"follow","max-snippet":"max-snippet:-1","max-image-preview":"max-image-preview:large","max-video-preview":"max-video-preview:-1"},"og_locale":"en_US","og_type":"article","og_title":"Round stove Aulikki Classic","og_description":"Aulikki round stove is a space-saving modular firplace designed to heat your home and enjoy a live fire.","og_url":"https:\/\/latvija.lintman.ee\/en\/toode\/round-stove-aulikki-classic\/","og_site_name":"Lintman.ee","article_publisher":"https:\/\/www.facebook.com\/lintmaneesti\/","article_modified_time":"2022-07-06T10:13:22+00:00","og_image":[{"width":606,"height":933,"url":"https:\/\/latvija.lintman.ee\/wp-content\/uploads\/2018\/08\/AulikkiClassic.jpg","type":"image\/jpeg"}],"twitter_card":"summary_large_image","twitter_misc":{"Price":"4,105.00&euro;","Availability":"In stock"},"schema":{"@context":"https:\/\/schema.org","@graph":[{"@type":"WebPage","@id":"https:\/\/latvija.lintman.ee\/en\/toode\/round-stove-aulikki-classic\/","url":"https:\/\/latvija.lintman.ee\/en\/toode\/round-stove-aulikki-classic\/","name":"Round Stove Aulikki - 3730 \u20ac - Stylish and heat-storing for up to 24 hours","isPartOf":{"@id":"https:\/\/latvija.lintman.ee\/#website"},"primaryImageOfPage":{"@id":"https:\/\/latvija.lintman.ee\/en\/toode\/round-stove-aulikki-classic\/#primaryimage"},"image":{"@id":"https:\/\/latvija.lintman.ee\/en\/toode\/round-stove-aulikki-classic\/#primaryimage"},"thumbnailUrl":"https:\/\/latvija.lintman.ee\/wp-content\/uploads\/2018\/08\/AulikkiClassic.jpg","datePublished":"2018-08-19T04:00:14+00:00","dateModified":"2022-07-06T10:13:22+00:00","description":"Aulikki round stove is a space-saving modular firplace designed to heat your home and enjoy a live fire.","breadcrumb":{"@id":"https:\/\/latvija.lintman.ee\/en\/toode\/round-stove-aulikki-classic\/#breadcrumb"},"inLanguage":"en-US","potentialAction":[{"@type":"ReadAction","target":["https:\/\/latvija.lintman.ee\/en\/toode\/round-stove-aulikki-classic\/"]}]},{"@type":"ImageObject","inLanguage":"en-US","@id":"https:\/\/latvija.lintman.ee\/en\/toode\/round-stove-aulikki-classic\/#primaryimage","url":"https:\/\/latvija.lintman.ee\/wp-content\/uploads\/2018\/08\/AulikkiClassic.jpg","contentUrl":"https:\/\/latvija.lintman.ee\/wp-content\/uploads\/2018\/08\/AulikkiClassic.jpg","width":606,"height":933,"caption":"\u00dcmarahi Aulikki Classic"},{"@type":"BreadcrumbList","@id":"https:\/\/latvija.lintman.ee\/en\/toode\/round-stove-aulikki-classic\/#breadcrumb","itemListElement":[{"@type":"ListItem","position":1,"name":"Home","item":"https:\/\/latvija.lintman.ee\/"},{"@type":"ListItem","position":2,"name":"E-pood","item":"https:\/\/latvija.lintman.ee\/vannitoasisustus\/"},{"@type":"ListItem","position":3,"name":"Round stove Aulikki Classic"}]},{"@type":"WebSite","@id":"https:\/\/latvija.lintman.ee\/#website","url":"https:\/\/latvija.lintman.ee\/","name":"Lintman.ee","description":"","potentialAction":[{"@type":"SearchAction","target":{"@type":"EntryPoint","urlTemplate":"https:\/\/latvija.lintman.ee\/?s={search_term_string}"},"query-input":{"@type":"PropertyValueSpecification","valueRequired":true,"valueName":"search_term_string"}}],"inLanguage":"en-US"}]},"product_price_amount":"4105.00","product_price_currency":"EUR","og_availability":"instock","product_availability":"instock","product_retailer_item_id":"WAR0005","product_condition":"new"},"_links":{"self":[{"href":"https:\/\/latvija.lintman.ee\/en\/wp-json\/wp\/v2\/product\/56914","targetHints":{"allow":["GET"]}}],"collection":[{"href":"https:\/\/latvija.lintman.ee\/en\/wp-json\/wp\/v2\/product"}],"about":[{"href":"https:\/\/latvija.lintman.ee\/en\/wp-json\/wp\/v2\/types\/product"}],"wp:featuredmedia":[{"embeddable":true,"href":"https:\/\/latvija.lintman.ee\/en\/wp-json\/wp\/v2\/media\/40522"}],"wp:attachment":[{"href":"https:\/\/latvija.lintman.ee\/en\/wp-json\/wp\/v2\/media?parent=56914"}],"wp:term":[{"taxonomy":"product_brand","embeddable":true,"href":"https:\/\/latvija.lintman.ee\/en\/wp-json\/wp\/v2\/product_brand?post=56914"},{"taxonomy":"product_cat","embeddable":true,"href":"https:\/\/latvija.lintman.ee\/en\/wp-json\/wp\/v2\/product_cat?post=56914"},{"taxonomy":"product_tag","embeddable":true,"href":"https:\/\/latvija.lintman.ee\/en\/wp-json\/wp\/v2\/product_tag?post=56914"}],"curies":[{"name":"wp","href":"https:\/\/api.w.org\/{rel}","templated":true}]}}