{"id":9995,"date":"2017-10-08T22:52:19","date_gmt":"2017-10-08T19:52:19","guid":{"rendered":"http:\/\/lintman.ee\/?page_id=9995"},"modified":"2017-10-09T12:12:19","modified_gmt":"2017-10-09T09:12:19","slug":"privaatsuspoliitika","status":"publish","type":"page","link":"https:\/\/latvija.lintman.ee\/en\/privaatsuspoliitika\/","title":{"rendered":"Privaatsuspoliitika"},"content":{"rendered":"<p style=\"text-align: justify;\">K\u00e4esolevad kasutustingimused on loodud veebiportaali www.lintman.ee (LINTMAN EESTI O\u00dc) asukohaga Lauliku 2b, registrikood 10048054 ja portaali kasutaja (edaspidi Klient) vahelisteks \u00f5igussuhete reguleerimiseks. Registreerudes\u00a0 lintman.ee\u00a0 veebiportaali kasutajaks v\u00f5i teostades ostu k\u00e4esolevas veebiportaalis kinnitab ostja, et on v\u00e4hemalt 18-aastane f\u00fc\u00fcsiline isik ja on tutvunud m\u00fc\u00fcgitingimustega.<\/p>\n<ol style=\"text-align: justify;\">\n<li><strong><u> M\u00f5isted.<\/u><\/strong><\/li>\n<\/ol>\n<p style=\"text-align: justify;\">1.1 Kasutaja ehk Klient \u2013 lintman.ee veebiportaalis registreeritud v\u00f5i registreerimata isik, kes on teostanud v\u00f5i teostamas ostu k\u00e4esolevas veebiportaalis (internetiaadressil https:\/\/latvija.lintman.ee).<br \/>\n1.2 www.lintman.ee &#8211;\u00a0 on veebiportaal, mis turundab erinevaid tooteid v\u00f5i teenuseid.<br \/>\n1.3 Teenusepakkuja &#8211; juriidiline isik, kelle tooteid v\u00f5i teenuseid turundatakse ja m\u00fc\u00fcakse lintman.ee\u00a0 veebiportaalis.<\/p>\n<ol start=\"2\">\n<li style=\"text-align: justify;\"><strong><u>Isikuandmed ja nende t\u00f6\u00f6tlemine.<\/u><\/strong><\/li>\n<\/ol>\n<p style=\"text-align: justify;\">2.1 Lintman.ee veebiportaal ei avalda Kliendi isikuandmeid kolmandatele osapooltele.<br \/>\n2.2 Lintman.ee veebiportaal salvestab isikuandmeid \u00fcksnes digitaalsel kujul, mille privaatsuse tagamiseks ja kaitseks annab lintman.ee veebiportaal endast parima.<br \/>\n2.3 Andmeid, mida lintman.ee veebiportaal on saanud f\u00fc\u00fcsilisest isikust Kliendilt internetikeskkonna kasutajaks registreerumisel, ja internetikeskkonna kasutamise k\u00e4igus k\u00fcsinud v\u00f5i mis koguneb f\u00fc\u00fcsilisest isikust kliendi kohta muul viisil internetikeskkonna kasutamise teel (edaspidi isikuandmed), on\u00a0 lintman.ee veebiportaalil \u00f5igus t\u00f6\u00f6delda tingimustes s\u00e4testatud eesm\u00e4rkidel ja mahus.<br \/>\n2.4 Klient annab n\u00f5usoleku isikuandmete kasutamiseks k\u00e4esolevate kasutustingimustes s\u00e4testatud eesm\u00e4rkide saavutamiseks. Soovi korral on Kliendil \u00f5igus n\u00f5uda lintman.ee veebiportaalilt isikuandmete kustutamist, teavitades sellest lintman.ee klienditeenindust.<\/p>\n<p>&nbsp;<\/p>\n<p style=\"text-align: center;\"><strong>O\u00dc LINTMAN EESTI<\/strong><strong><br \/>\n<\/strong>Lauliku 2B, 10919 Tallinn. ESTONIA<br \/>\nTel. +372 6776470, fax +372\u00a06776471<br \/>\nE-mail: <a href=\"mailto:info@lintman.ee\">info@lintman.ee<\/a><\/p>\n<p style=\"text-align: center;\">a\/a EE217700771001330626 LHV Pank<br \/>\nSWIFT HVBEE22<br \/>\nEE10016056<\/p>\n","protected":false},"excerpt":{"rendered":"<p>K\u00e4esolevad kasutustingimused on loodud veebiportaali www.lintman.ee (LINTMAN EESTI O\u00dc) asukohaga Lauliku 2b, registrikood 10048054 ja portaali kasutaja (edaspidi Klient) vahelisteks&#8230;<\/p>\n","protected":false},"author":69,"featured_media":0,"parent":0,"menu_order":0,"comment_status":"closed","ping_status":"closed","template":"","meta":{"_acf_changed":false,"footnotes":""},"class_list":["post-9995","page","type-page","status-publish","hentry"],"acf":[],"yoast_head":"<!-- This site is optimized with the Yoast SEO Premium plugin v23.4 (Yoast SEO v27.2) - https:\/\/yoast.com\/product\/yoast-seo-premium-wordpress\/ -->\n<title>Privaatsuspoliitika - Lintman.ee<\/title>\n<meta name=\"robots\" content=\"noindex, follow, max-snippet:-1, max-image-preview:large, max-video-preview:-1\" \/>\n<meta property=\"og:locale\" content=\"en_US\" \/>\n<meta property=\"og:type\" content=\"article\" \/>\n<meta property=\"og:title\" content=\"Privaatsuspoliitika\" \/>\n<meta property=\"og:description\" content=\"K\u00e4esolevad kasutustingimused on loodud veebiportaali www.lintman.ee (LINTMAN EESTI O\u00dc) asukohaga Lauliku 2b, registrikood 10048054 ja portaali kasutaja (edaspidi Klient) vahelisteks...\" \/>\n<meta property=\"og:url\" content=\"https:\/\/latvija.lintman.ee\/privaatsuspoliitika\/\" \/>\n<meta property=\"og:site_name\" content=\"Lintman.ee\" \/>\n<meta property=\"article:publisher\" content=\"https:\/\/www.facebook.com\/lintmaneesti\/\" \/>\n<meta property=\"article:modified_time\" content=\"2017-10-09T09:12:19+00:00\" \/>\n<meta name=\"twitter:card\" content=\"summary_large_image\" \/>\n<meta name=\"twitter:label1\" content=\"Est. reading time\" \/>\n\t<meta name=\"twitter:data1\" content=\"1 minute\" \/>\n<script type=\"application\/ld+json\" class=\"yoast-schema-graph\">{\"@context\":\"https:\/\/schema.org\",\"@graph\":[{\"@type\":\"WebPage\",\"@id\":\"https:\/\/latvija.lintman.ee\/privaatsuspoliitika\/\",\"url\":\"https:\/\/latvija.lintman.ee\/privaatsuspoliitika\/\",\"name\":\"Privaatsuspoliitika - Lintman.ee\",\"isPartOf\":{\"@id\":\"https:\/\/latvija.lintman.ee\/#website\"},\"datePublished\":\"2017-10-08T19:52:19+00:00\",\"dateModified\":\"2017-10-09T09:12:19+00:00\",\"breadcrumb\":{\"@id\":\"https:\/\/latvija.lintman.ee\/privaatsuspoliitika\/#breadcrumb\"},\"inLanguage\":\"en-US\",\"potentialAction\":[{\"@type\":\"ReadAction\",\"target\":[\"https:\/\/latvija.lintman.ee\/privaatsuspoliitika\/\"]}]},{\"@type\":\"BreadcrumbList\",\"@id\":\"https:\/\/latvija.lintman.ee\/privaatsuspoliitika\/#breadcrumb\",\"itemListElement\":[{\"@type\":\"ListItem\",\"position\":1,\"name\":\"Home\",\"item\":\"https:\/\/latvija.lintman.ee\/\"},{\"@type\":\"ListItem\",\"position\":2,\"name\":\"Privaatsuspoliitika\"}]},{\"@type\":\"WebSite\",\"@id\":\"https:\/\/latvija.lintman.ee\/#website\",\"url\":\"https:\/\/latvija.lintman.ee\/\",\"name\":\"Lintman.ee\",\"description\":\"\",\"potentialAction\":[{\"@type\":\"SearchAction\",\"target\":{\"@type\":\"EntryPoint\",\"urlTemplate\":\"https:\/\/latvija.lintman.ee\/?s={search_term_string}\"},\"query-input\":{\"@type\":\"PropertyValueSpecification\",\"valueRequired\":true,\"valueName\":\"search_term_string\"}}],\"inLanguage\":\"en-US\"}]}<\/script>\n<!-- \/ Yoast SEO Premium plugin. -->","yoast_head_json":{"title":"Privaatsuspoliitika - Lintman.ee","robots":{"index":"noindex","follow":"follow","max-snippet":"max-snippet:-1","max-image-preview":"max-image-preview:large","max-video-preview":"max-video-preview:-1"},"og_locale":"en_US","og_type":"article","og_title":"Privaatsuspoliitika","og_description":"K\u00e4esolevad kasutustingimused on loodud veebiportaali www.lintman.ee (LINTMAN EESTI O\u00dc) asukohaga Lauliku 2b, registrikood 10048054 ja portaali kasutaja (edaspidi Klient) vahelisteks...","og_url":"https:\/\/latvija.lintman.ee\/privaatsuspoliitika\/","og_site_name":"Lintman.ee","article_publisher":"https:\/\/www.facebook.com\/lintmaneesti\/","article_modified_time":"2017-10-09T09:12:19+00:00","twitter_card":"summary_large_image","twitter_misc":{"Est. reading time":"1 minute"},"schema":{"@context":"https:\/\/schema.org","@graph":[{"@type":"WebPage","@id":"https:\/\/latvija.lintman.ee\/privaatsuspoliitika\/","url":"https:\/\/latvija.lintman.ee\/privaatsuspoliitika\/","name":"Privaatsuspoliitika - Lintman.ee","isPartOf":{"@id":"https:\/\/latvija.lintman.ee\/#website"},"datePublished":"2017-10-08T19:52:19+00:00","dateModified":"2017-10-09T09:12:19+00:00","breadcrumb":{"@id":"https:\/\/latvija.lintman.ee\/privaatsuspoliitika\/#breadcrumb"},"inLanguage":"en-US","potentialAction":[{"@type":"ReadAction","target":["https:\/\/latvija.lintman.ee\/privaatsuspoliitika\/"]}]},{"@type":"BreadcrumbList","@id":"https:\/\/latvija.lintman.ee\/privaatsuspoliitika\/#breadcrumb","itemListElement":[{"@type":"ListItem","position":1,"name":"Home","item":"https:\/\/latvija.lintman.ee\/"},{"@type":"ListItem","position":2,"name":"Privaatsuspoliitika"}]},{"@type":"WebSite","@id":"https:\/\/latvija.lintman.ee\/#website","url":"https:\/\/latvija.lintman.ee\/","name":"Lintman.ee","description":"","potentialAction":[{"@type":"SearchAction","target":{"@type":"EntryPoint","urlTemplate":"https:\/\/latvija.lintman.ee\/?s={search_term_string}"},"query-input":{"@type":"PropertyValueSpecification","valueRequired":true,"valueName":"search_term_string"}}],"inLanguage":"en-US"}]}},"_links":{"self":[{"href":"https:\/\/latvija.lintman.ee\/en\/wp-json\/wp\/v2\/pages\/9995","targetHints":{"allow":["GET"]}}],"collection":[{"href":"https:\/\/latvija.lintman.ee\/en\/wp-json\/wp\/v2\/pages"}],"about":[{"href":"https:\/\/latvija.lintman.ee\/en\/wp-json\/wp\/v2\/types\/page"}],"author":[{"embeddable":true,"href":"https:\/\/latvija.lintman.ee\/en\/wp-json\/wp\/v2\/users\/69"}],"replies":[{"embeddable":true,"href":"https:\/\/latvija.lintman.ee\/en\/wp-json\/wp\/v2\/comments?post=9995"}],"version-history":[{"count":0,"href":"https:\/\/latvija.lintman.ee\/en\/wp-json\/wp\/v2\/pages\/9995\/revisions"}],"wp:attachment":[{"href":"https:\/\/latvija.lintman.ee\/en\/wp-json\/wp\/v2\/media?parent=9995"}],"curies":[{"name":"wp","href":"https:\/\/api.w.org\/{rel}","templated":true}]}}