{"id":9990,"date":"2017-10-08T22:46:59","date_gmt":"2017-10-08T19:46:59","guid":{"rendered":"http:\/\/lintman.ee\/?page_id=9990"},"modified":"2020-10-18T11:26:07","modified_gmt":"2020-10-18T08:26:07","slug":"makse-ja-tarnetingimused","status":"publish","type":"page","link":"https:\/\/latvija.lintman.ee\/en\/makse-ja-tarnetingimused\/","title":{"rendered":"Makse- ja tarnetingimused"},"content":{"rendered":"<p style=\"text-align: justify;\">K\u00e4esolevad kasutustingimused on loodud veebiportaali www.lintman.ee (LINTMAN EESTI O\u00dc) asukohaga Lauliku 2b, registrikood 10048054 ja portaali kasutaja (edaspidi Klient) vahelisteks \u00f5igussuhete reguleerimiseks. Registreerudes\u00a0 lintman.ee\u00a0 veebiportaali kasutajaks v\u00f5i teostades ostu k\u00e4esolevas veebiportaalis kinnitab ostja, et on v\u00e4hemalt 18-aastane f\u00fc\u00fcsiline isik ja on tutvunud m\u00fc\u00fcgitingimustega.<\/p>\n<ol>\n<li><strong><u> M\u00f5isted.<\/u><\/strong><\/li>\n<\/ol>\n<p style=\"text-align: justify;\">1.1 Kasutaja ehk Klient \u2013 lintman.ee veebiportaalis registreeritud v\u00f5i registreerimata isik, kes on teostanud v\u00f5i teostamas ostu k\u00e4esolevas veebiportaalis (internetiaadressil https:\/\/latvija.lintman.ee).<br \/>\n1.2 www.lintman.ee &#8211;\u00a0 on veebiportaal, mis turundab erinevaid tooteid v\u00f5i teenuseid.<br \/>\n1.3 Teenusepakkuja &#8211; juriidiline isik, kelle tooteid v\u00f5i teenuseid turundatakse ja m\u00fc\u00fcakse lintman.ee\u00a0 veebiportaalis.<\/p>\n<ol start=\"2\">\n<li><strong><u> M\u00fc\u00fcgitingimused.<\/u><\/strong><\/li>\n<\/ol>\n<p style=\"text-align: justify;\">2.1 Veebipoes m\u00e4rgitud hindade valuuta on EUR (euro) ja k\u00f5ik arveldused k\u00e4ivad selles valuutas.<br \/>\n2.2 Veebipoes m\u00fc\u00fcdavate toodete hinnad on m\u00e4rgitud toodete juurde. Hinnale lisandub tasu kauba k\u00e4ttetoimetamise eest.\u00a0Kauba k\u00e4ttetoimetamise tasu s\u00f5ltub kliendi asukohast ning k\u00e4ttetoimetamise viisist. K\u00e4ttetoimetamise tasu kuvatakse kliendile tellimuse vormistamisel.\u00a0Teave kauba kohta on esitatud veebipoes vahetult kauba juures.<br \/>\n2.3 K\u00e4esolevad tingimused on koostatud heas usus ja on koosk\u00f5las heade tavadega ning Eesti Vabariigi kehtivate \u00f5igusnormidega.<br \/>\n<u>2.4 Lintman.ee pakub teenuse eest tasumiseks internetip\u00f5hiseid maksev\u00f5imalusi:<\/u><br \/>\n2.4.1 Swedbank AS pangalingi makse v\u00f5imalus;<br \/>\n2.4.2 SEB Pank AS pangalingi makse v\u00f5imalus;<br \/>\n2.4.3\u00a0 LHV Pank AS pangalingi makse v\u00f5imalus;<br \/>\n2.4.4 Tasumine \u00fclekandega arveldusarvele.<\/p>\n<ol style=\"text-align: justify;\" start=\"3\">\n<li><strong><u> Tellimuse vormistamine.<\/u><\/strong><\/li>\n<\/ol>\n<p style=\"text-align: justify;\">3.1 Kauba tellimiseks tuleb lisada soovitud tooted ostukorvi.<br \/>\n3.2 Tellimuse vormistamiseks tuleb t\u00e4ita n\u00f5utud andmev\u00e4ljad ning valida sobiv toodete kohaletoimetamise viis.<br \/>\n3.3 Seej\u00e4rel kuvatakse ekraanile tasu suurus, mille saab tasuda pangalingi kaudu v\u00f5i muu makselahenduse abil.<br \/>\n3.4 Leping j\u00f5ustub alates tasumisele kuuluva summa laekumisest lintman.ee veebipoe arvelduskontole.<br \/>\n3.5 Kui tellitud kaupa ei ole v\u00f5imalik tarnida seoses kauba l\u00f5ppemisega v\u00f5i muul p\u00f5hjusel, teavitatakse sellest klienti esimesel v\u00f5imalusel ning tagastatakse tasutud raha (sh kauba k\u00e4ttetoimetamise kulud) viivitamata, kuid mitte hiljem kui 14 p\u00e4eva jooksul teate saatmisest.<\/p>\n<ol style=\"text-align: justify;\" start=\"4\">\n<li><strong><u> Kohaletoimetamine.<\/u><\/strong><\/li>\n<\/ol>\n<p style=\"text-align: justify;\">4.1 Kaupu saadetakse k\u00f5ikidesse Euroopa riikidesse.<br \/>\n4.2 Kauba saatmiskulud kannab klient ning vastav hinnainfo on kuvatud saatmisviisi juures.<br \/>\n4.3 Eestisisesed saadetised, mis on Eestis asuvas laos, j\u00f5uavad \u00fcldjuhul kliendi m\u00e4\u00e4ratud sihtpunkti 3-7 t\u00f6\u00f6p\u00e4eva jooksul p\u00e4rast raha laekumist ettev\u00f5tte pangakontole. V\u00e4ljaspool Eestit toimub kohaletoimetamine 5 &#8211; 10 kalendrip\u00e4eva jooksul.<br \/>\n4.4 Kauba kohaletoimetamine kliendile s\u00f5ltub kauba tarneaja pikkusest, mis on m\u00e4\u00e4ratud kodulehel lintman.ee, erandjuhtudest informeerib ettev\u00f5te klienti e-maili teel.<\/p>\n<p style=\"text-align: center;\"><strong>O\u00dc LINTMAN EESTI<\/strong><strong><br \/>\n<\/strong>Lauliku 2B, 10919 Tallinn. ESTONIA<br \/>\nTel. +372 6776470, fax +372\u00a06776471<br \/>\nE-mail: <a href=\"mailto:info@lintman.ee\">info@lintman.ee<\/a><\/p>\n<p style=\"text-align: center;\">a\/a EE217700771001330626 LHV Pank<br \/>\nSWIFT HVBEE22<br \/>\nEE10016056<\/p>\n","protected":false},"excerpt":{"rendered":"<p>K\u00e4esolevad kasutustingimused on loodud veebiportaali www.lintman.ee (LINTMAN EESTI O\u00dc) asukohaga Lauliku 2b, registrikood 10048054 ja portaali kasutaja (edaspidi Klient) vahelisteks&#8230;<\/p>\n","protected":false},"author":69,"featured_media":0,"parent":0,"menu_order":0,"comment_status":"closed","ping_status":"closed","template":"","meta":{"_acf_changed":false,"footnotes":""},"class_list":["post-9990","page","type-page","status-publish","hentry"],"acf":[],"yoast_head":"<!-- This site is optimized with the Yoast SEO Premium plugin v23.4 (Yoast SEO v27.2) - https:\/\/yoast.com\/product\/yoast-seo-premium-wordpress\/ -->\n<title>Makse- ja tarnetingimused - Lintman.ee<\/title>\n<meta name=\"robots\" content=\"noindex, follow, max-snippet:-1, max-image-preview:large, max-video-preview:-1\" \/>\n<meta property=\"og:locale\" content=\"en_US\" \/>\n<meta property=\"og:type\" content=\"article\" \/>\n<meta property=\"og:title\" content=\"Makse- ja tarnetingimused\" \/>\n<meta property=\"og:description\" content=\"K\u00e4esolevad kasutustingimused on loodud veebiportaali www.lintman.ee (LINTMAN EESTI O\u00dc) asukohaga Lauliku 2b, registrikood 10048054 ja portaali kasutaja (edaspidi Klient) vahelisteks...\" \/>\n<meta property=\"og:url\" content=\"https:\/\/latvija.lintman.ee\/makse-ja-tarnetingimused\/\" \/>\n<meta property=\"og:site_name\" content=\"Lintman.ee\" \/>\n<meta property=\"article:publisher\" content=\"https:\/\/www.facebook.com\/lintmaneesti\/\" \/>\n<meta property=\"article:modified_time\" content=\"2020-10-18T08:26:07+00:00\" \/>\n<meta name=\"twitter:card\" content=\"summary_large_image\" \/>\n<meta name=\"twitter:label1\" content=\"Est. reading time\" \/>\n\t<meta name=\"twitter:data1\" content=\"2 minutes\" \/>\n<script type=\"application\/ld+json\" class=\"yoast-schema-graph\">{\"@context\":\"https:\/\/schema.org\",\"@graph\":[{\"@type\":\"WebPage\",\"@id\":\"https:\/\/latvija.lintman.ee\/makse-ja-tarnetingimused\/\",\"url\":\"https:\/\/latvija.lintman.ee\/makse-ja-tarnetingimused\/\",\"name\":\"Makse- ja tarnetingimused - Lintman.ee\",\"isPartOf\":{\"@id\":\"https:\/\/latvija.lintman.ee\/#website\"},\"datePublished\":\"2017-10-08T19:46:59+00:00\",\"dateModified\":\"2020-10-18T08:26:07+00:00\",\"breadcrumb\":{\"@id\":\"https:\/\/latvija.lintman.ee\/makse-ja-tarnetingimused\/#breadcrumb\"},\"inLanguage\":\"en-US\",\"potentialAction\":[{\"@type\":\"ReadAction\",\"target\":[\"https:\/\/latvija.lintman.ee\/makse-ja-tarnetingimused\/\"]}]},{\"@type\":\"BreadcrumbList\",\"@id\":\"https:\/\/latvija.lintman.ee\/makse-ja-tarnetingimused\/#breadcrumb\",\"itemListElement\":[{\"@type\":\"ListItem\",\"position\":1,\"name\":\"Home\",\"item\":\"https:\/\/latvija.lintman.ee\/\"},{\"@type\":\"ListItem\",\"position\":2,\"name\":\"Makse- ja tarnetingimused\"}]},{\"@type\":\"WebSite\",\"@id\":\"https:\/\/latvija.lintman.ee\/#website\",\"url\":\"https:\/\/latvija.lintman.ee\/\",\"name\":\"Lintman.ee\",\"description\":\"\",\"potentialAction\":[{\"@type\":\"SearchAction\",\"target\":{\"@type\":\"EntryPoint\",\"urlTemplate\":\"https:\/\/latvija.lintman.ee\/?s={search_term_string}\"},\"query-input\":{\"@type\":\"PropertyValueSpecification\",\"valueRequired\":true,\"valueName\":\"search_term_string\"}}],\"inLanguage\":\"en-US\"}]}<\/script>\n<!-- \/ Yoast SEO Premium plugin. -->","yoast_head_json":{"title":"Makse- ja tarnetingimused - Lintman.ee","robots":{"index":"noindex","follow":"follow","max-snippet":"max-snippet:-1","max-image-preview":"max-image-preview:large","max-video-preview":"max-video-preview:-1"},"og_locale":"en_US","og_type":"article","og_title":"Makse- ja tarnetingimused","og_description":"K\u00e4esolevad kasutustingimused on loodud veebiportaali www.lintman.ee (LINTMAN EESTI O\u00dc) asukohaga Lauliku 2b, registrikood 10048054 ja portaali kasutaja (edaspidi Klient) vahelisteks...","og_url":"https:\/\/latvija.lintman.ee\/makse-ja-tarnetingimused\/","og_site_name":"Lintman.ee","article_publisher":"https:\/\/www.facebook.com\/lintmaneesti\/","article_modified_time":"2020-10-18T08:26:07+00:00","twitter_card":"summary_large_image","twitter_misc":{"Est. reading time":"2 minutes"},"schema":{"@context":"https:\/\/schema.org","@graph":[{"@type":"WebPage","@id":"https:\/\/latvija.lintman.ee\/makse-ja-tarnetingimused\/","url":"https:\/\/latvija.lintman.ee\/makse-ja-tarnetingimused\/","name":"Makse- ja tarnetingimused - Lintman.ee","isPartOf":{"@id":"https:\/\/latvija.lintman.ee\/#website"},"datePublished":"2017-10-08T19:46:59+00:00","dateModified":"2020-10-18T08:26:07+00:00","breadcrumb":{"@id":"https:\/\/latvija.lintman.ee\/makse-ja-tarnetingimused\/#breadcrumb"},"inLanguage":"en-US","potentialAction":[{"@type":"ReadAction","target":["https:\/\/latvija.lintman.ee\/makse-ja-tarnetingimused\/"]}]},{"@type":"BreadcrumbList","@id":"https:\/\/latvija.lintman.ee\/makse-ja-tarnetingimused\/#breadcrumb","itemListElement":[{"@type":"ListItem","position":1,"name":"Home","item":"https:\/\/latvija.lintman.ee\/"},{"@type":"ListItem","position":2,"name":"Makse- ja tarnetingimused"}]},{"@type":"WebSite","@id":"https:\/\/latvija.lintman.ee\/#website","url":"https:\/\/latvija.lintman.ee\/","name":"Lintman.ee","description":"","potentialAction":[{"@type":"SearchAction","target":{"@type":"EntryPoint","urlTemplate":"https:\/\/latvija.lintman.ee\/?s={search_term_string}"},"query-input":{"@type":"PropertyValueSpecification","valueRequired":true,"valueName":"search_term_string"}}],"inLanguage":"en-US"}]}},"_links":{"self":[{"href":"https:\/\/latvija.lintman.ee\/en\/wp-json\/wp\/v2\/pages\/9990","targetHints":{"allow":["GET"]}}],"collection":[{"href":"https:\/\/latvija.lintman.ee\/en\/wp-json\/wp\/v2\/pages"}],"about":[{"href":"https:\/\/latvija.lintman.ee\/en\/wp-json\/wp\/v2\/types\/page"}],"author":[{"embeddable":true,"href":"https:\/\/latvija.lintman.ee\/en\/wp-json\/wp\/v2\/users\/69"}],"replies":[{"embeddable":true,"href":"https:\/\/latvija.lintman.ee\/en\/wp-json\/wp\/v2\/comments?post=9990"}],"version-history":[{"count":0,"href":"https:\/\/latvija.lintman.ee\/en\/wp-json\/wp\/v2\/pages\/9990\/revisions"}],"wp:attachment":[{"href":"https:\/\/latvija.lintman.ee\/en\/wp-json\/wp\/v2\/media?parent=9990"}],"curies":[{"name":"wp","href":"https:\/\/api.w.org\/{rel}","templated":true}]}}