{"id":9977,"date":"2017-10-08T20:55:45","date_gmt":"2017-10-08T17:55:45","guid":{"rendered":"http:\/\/lintman.ee\/?page_id=9977"},"modified":"2023-01-24T19:22:03","modified_gmt":"2023-01-24T17:22:03","slug":"uld-ja-ostutingimused","status":"publish","type":"page","link":"https:\/\/latvija.lintman.ee\/en\/uld-ja-ostutingimused\/","title":{"rendered":"\u00dcld- ja ostutingimused"},"content":{"rendered":"<p style=\"text-align: justify;\">K\u00e4esolevad kasutustingimused on loodud veebiportaali www.lintman.ee (LINTMAN EESTI O\u00dc) asukohaga Lauliku 2b, registrikood 10048054 ja portaali kasutaja (edaspidi Klient) vahelisteks \u00f5igussuhete reguleerimiseks. Registreerudes\u00a0 lintman.ee\u00a0 veebiportaali kasutajaks v\u00f5i teostades ostu k\u00e4esolevas veebiportaalis kinnitab ostja, et on v\u00e4hemalt 18-aastane f\u00fc\u00fcsiline isik ja on tutvunud m\u00fc\u00fcgitingimustega.<\/p>\n<ol style=\"text-align: justify;\">\n<li><strong><u> M\u00f5isted.<\/u><\/strong><\/li>\n<\/ol>\n<p style=\"text-align: justify;\">1.1 Kasutaja ehk Klient \u2013 lintman.ee veebiportaalis registreeritud v\u00f5i registreerimata isik, kes on teostanud v\u00f5i teostamas ostu k\u00e4esolevas veebiportaalis (internetiaadressil https:\/\/latvija.lintman.ee).<br \/>\n1.2 www.lintman.ee &#8211;\u00a0 on veebiportaal, mis turundab erinevaid tooteid v\u00f5i teenuseid.<br \/>\n1.3 Teenusepakkuja &#8211; juriidiline isik, kelle tooteid v\u00f5i teenuseid turundatakse ja m\u00fc\u00fcakse lintman.ee\u00a0 veebiportaalis.<\/p>\n<ol style=\"text-align: justify;\" start=\"2\">\n<li><strong><u> M\u00fc\u00fcgitingimused.<\/u><\/strong><\/li>\n<\/ol>\n<p style=\"text-align: justify;\">2.1 Veebipoes m\u00e4rgitud hindade valuuta on EUR (euro) ja k\u00f5ik arveldused k\u00e4ivad selles valuutas.<br \/>\n2.2 Veebipoes m\u00fc\u00fcdavate toodete hinnad on m\u00e4rgitud toodete juurde. Hinnale lisandub tasu kauba k\u00e4ttetoimetamise eest.\u00a0Kauba k\u00e4ttetoimetamise tasu s\u00f5ltub kliendi asukohast ning k\u00e4ttetoimetamise viisist. K\u00e4ttetoimetamise tasu kuvatakse kliendile tellimuse vormistamisel.\u00a0Teave kauba kohta on esitatud veebipoes vahetult kauba juures.<br \/>\n2.3 K\u00e4esolevad tingimused on koostatud heas usus ja on koosk\u00f5las heade tavadega ning Eesti Vabariigi kehtivate \u00f5igusnormidega.<br \/>\n2.4 Lintman.ee pakub teenuse eest tasumiseks internetip\u00f5hiseid maksev\u00f5imalusi:<br \/>\n2.4.1 Swedbank AS pangalingi makse v\u00f5imalus;<br \/>\n2.4.2 SEB Pank AS pangalingi makse v\u00f5imalus;<br \/>\n2.4.3\u00a0 LHV Pank AS pangalingi makse v\u00f5imalus;<br \/>\n2.4.4 Tasumine \u00fclekandega arveldusarvele.<\/p>\n<ol style=\"text-align: justify;\" start=\"3\">\n<li><strong><u> Tellimuse vormistamine.<\/u><\/strong><\/li>\n<\/ol>\n<p style=\"text-align: justify;\">3.1 Kauba tellimiseks tuleb lisada soovitud tooted ostukorvi.<br \/>\n3.2 Tellimuse vormistamiseks tuleb t\u00e4ita n\u00f5utud andmev\u00e4ljad ning valida sobiv toodete kohaletoimetamise viis.<br \/>\n3.3 Seej\u00e4rel kuvatakse ekraanile tasu suurus, mille saab tasuda pangalingi kaudu v\u00f5i muu makselahenduse abil.<br \/>\n3.4 Leping j\u00f5ustub alates tasumisele kuuluva summa laekumisest lintman.ee veebipoe arvelduskontole.<br \/>\n3.5 Kui tellitud kaupa ei ole v\u00f5imalik tarnida seoses kauba l\u00f5ppemisega v\u00f5i muul p\u00f5hjusel, teavitatakse sellest klienti esimesel v\u00f5imalusel ning tagastatakse tasutud raha (sh kauba k\u00e4ttetoimetamise kulud) viivitamata, kuid mitte hiljem kui 14 p\u00e4eva jooksul teate saatmisest.<\/p>\n<ol style=\"text-align: justify;\" start=\"4\">\n<li><strong><u> Kohaletoimetamine.<\/u><\/strong><\/li>\n<\/ol>\n<p class=\"Default\" style=\"text-align: justify;\">4.1 Kaupu saadetakse k\u00f5ikidesse Euroopa riikidesse.<br \/>\n4.2 Kauba saatmiskulud kannab klient ning vastav hinnainfo on kuvatud saatmisviisi juures.<br \/>\n4.3 Eestisisesed saadetised , mis on Eestis asuvas laos , j\u00f5uavad \u00fcldjuhul kliendi m\u00e4\u00e4ratud sihtpunkti 3-7 t\u00f6\u00f6p\u00e4eva jooksul p\u00e4rast raha laekumist ettev\u00f5tte pangakontole. V\u00e4ljaspool Eestit toimub kohaletoimetamine 5 &#8211; 10 kalendrip\u00e4eva jooksul.<br \/>\n4.4 Kauba kohaletoimetamine kliendile s\u00f5ltub kauba tarneaja pikkusest, mis on m\u00e4\u00e4ratud kodulehel lintman.ee, erandjuhtudest informeerib ettev\u00f5te klienti e-maili teel.<\/p>\n<ol style=\"text-align: justify;\" start=\"5\">\n<li><u><strong> Taganemis\u00f5igus<\/strong>.<\/u><\/li>\n<\/ol>\n<p style=\"text-align: justify;\">5.1 P\u00e4rast tellimuse k\u00e4ttesaamist on kliendil \u00f5igus e-poes s\u00f5lmitud lepingust taganeda 14 p\u00e4eva jooksul. Taganemis\u00f5igus ei kohaldu, kui kliendiks on juriidiline isik.<br \/>\n5.2 14-p\u00e4evane tagastamis\u00f5igus ei kehti kauba puhul, mis on valmistatud kliendi isiklikke vajadusi arvestades (nt Sinu m\u00f5\u00f5tude, v\u00e4rvi vms j\u00e4rgi).<br \/>\n5.3 14-p\u00e4evase tagastamis\u00f5iguse kasutamiseks ei tohi tellitud kaupa kasutada muul viisil kui on vajalik kauba olemuses, omadustes ja toimimises veendumiseks viisil nagu see on lubatud kauba testimiseks f\u00fc\u00fcsilises poes.<br \/>\n5.4 Kui kaupa on kasutatud muuks otstarbeks kui on vajalik kauba olemuses, omadustes ja toimimises veendumiseks v\u00f5i sellel on kasutamise v\u00f5i kulumise m\u00e4rke, on veebipoel \u00f5igus alandada tagastatavat tasu vastavalt kauba v\u00e4\u00e4rtuse v\u00e4henemisele.<br \/>\n5.4 Kauba tagastamiseks tuleb esitada kauba ostmisest taganemise avaldus, mille vormi leiab siit: <em><a href=\"https:\/\/latvija.lintman.ee\/wp-content\/uploads\/2017\/10\/Taganemisavaldus.doc\">Taganemisavaldus<\/a><\/em> ning saata see e-posti aadressile <a href=\"mailto:info@lintman.ee\">info@lintman.ee<\/a> hiljemalt 14 p\u00e4eva jooksul kauba k\u00e4ttesaamisest.<br \/>\n5.6 Kauba tagastamise kulud kannab klient, v\u00e4lja arvatud juhul, kui tagastamise p\u00f5hjus seisneb asjaolus, et tagastamisele kuuluv asi ei vasta tellitule (nt vale v\u00f5i defektiga asi).<br \/>\n5.7 Klient peab kauba tagastama avalduse esitamisele j\u00e4rgneva 14 p\u00e4eva jooksul v\u00f5i esitama t\u00f5endi, et ta on eelnimetatud perioodi jooksul kauba \u00fcle andnud kauba vedajale.<br \/>\n5.8 Veebipood lintman.ee tagastab tagastatava kauba k\u00e4ttesaamisel kliendile viivitamata, kuid mitte hiljem kui 14 p\u00e4eva m\u00f6\u00f6dumisel arvates taganemisavalduse saamisest, k\u00f5ik kliendilt lepingu alusel saadud tasud.<br \/>\n5.9 Veebipood v\u00f5ib keelduda tagasimaksete tegemisest seni, kuni on lepingu esemeks oleva asja tagasi saanud v\u00f5i kuni klient on esitanud t\u00f5endid, et on asja tagasi saatnud, s\u00f5ltuvalt sellest, kumb toimub varem.<br \/>\n5.10 Kui klient on s\u00f5naselgelt valinud lintman.ee veebipoe pakutud k\u00f5ige odavamast tavap\u00e4rasest asja k\u00e4ttetoimetamise viisist erineva k\u00e4ttetoimetamise viisi, ei pea lintman.ee veebipood tarbijale tagastama kulu, mis \u00fcletab tavap\u00e4rase k\u00e4ttetoimetamise viisiga seotud kulu.<br \/>\n5.11 Lintman.ee veebipoel on \u00f5igus taganeda m\u00fc\u00fcgitehingust ning n\u00f5uda kliendilt tagasi kaup, kui kauba hind veebipoes on eksituse t\u00f5ttu m\u00e4rgitud oluliselt alla kauba turuhinna.<\/p>\n<ol style=\"text-align: justify;\" start=\"6\">\n<li><u><strong> Pretensiooni esitamise \u00f5igus<\/strong>.<\/u><\/li>\n<\/ol>\n<p style=\"text-align: justify;\">6.1 Veebipood lintman.ee vastutab kliendile m\u00fc\u00fcdud kauba lepingutingimustele mittevastavuse v\u00f5i puuduse eest, mis oli olemas juba asja \u00fcleandmise hetkel ning mis ilmneb kuni kahe aasta jooksul, alates kauba \u00fcleandmisest kliendile.<br \/>\n6.2 Sellest esimese kuue kuu jooksul asja \u00fcleandmisest kliendile eeldatakse, et puudus oli olemas juba asja \u00fcleandmise ajal. Vastava eelduse \u00fcmberl\u00fckkamine on Veebipoe lintman.ee kohustus.<br \/>\n6.3 Kliendil on \u00f5igus puuduse ilmnemisel p\u00f6\u00f6rduda hiljemalt kahe kuu jooksul veebipoe lintman.ee poole, saates e-kirja aadressile: <a href=\"mailto:info@lintman.ee\">info@lintman.ee<\/a> helistada telefonil: <a href=\"tel:+3726776478\">+372 677 6478.<br \/>\n<\/a>6.4 Veebipood lintman.ee\u00a0 ei vastuta puuduste eest, mis on tekkinud p\u00e4rast kauba \u00fcleandmist kliendile.<br \/>\n6.5 Kui lintman.ee veebipoest ostetud kaubal on puudused, mille eest veebipood vastutab, parandab v\u00f5i asendab veebipood puudusega kauba.<br \/>\n6.6 Kui kaupa ei ole v\u00f5imalik parandada ega asendada, tagastab lintman.ee veebipood kliendile k\u00f5ik m\u00fc\u00fcgilepinguga kaasnenud tasud.<br \/>\n6.7 Veebipood lintman.ee vastab tarbija esitatud kaebusele kirjalikult v\u00f5i kirjalikku taasesitamist v\u00f5imaldavas vormis 15 p\u00e4eva jooksul.<br \/>\n6.8 Kui klient ja Veebipood ei suuda lahendada vaidlust kokkuleppe teel, siis on kliendil v\u00f5imalik p\u00f6\u00f6rduda Tarbijavaidluste komisjoni poole. Menetlustingimustega saab tutvuda ning avaldust esitada <em><a href=\"http:\/\/bit.ly\/2gnH9OA\" target=\"_blank\" rel=\"noopener\"><u>siin<\/u><\/a><\/em>.<br \/>\n6.9 Tarbijavaidluste komisjoni p\u00e4devuses on lahendada kliendi ja Veebipoe vahel s\u00f5lmitud lepingust tulenevaid vaidlusi. Kliendi kaebuse l\u00e4bivaatamine komisjonis on tasuta.<br \/>\n6.10 Klient v\u00f5ib p\u00f6\u00f6rduda Euroopa Liidu tarbijavaidlusi lahendava platvormi poole.<\/p>\n<ol style=\"text-align: justify;\" start=\"7\">\n<li><strong><u> Lintman.ee \u00f5igused ja kohustused.<\/u><\/strong><\/li>\n<\/ol>\n<p style=\"text-align: justify;\">7.1. lintman.ee ei vastuta kolmandate osapoolte poolt tekkinud v\u00f5imalike tehniliste vigade p\u00e4rast, mis puudutavad pangalingi maksete eba\u00f5nnestumisi, h\u00e4ireid serveriteenustes, Kliendi interneti\u00fchenduse k\u00f5ikumised ja teised tehnilised vead.<br \/>\n7.2 Lintman.ee-l on \u00f5igus omal vabal valikul piirata v\u00f5i t\u00fchistada Kliendi veebiportaali kasutamis\u00f5igust s.h muutma veebiportaalis avaldatud informatsiooni v\u00f5i sulgema Kliendi kasutajakonto kui Klient:<br \/>\n7.2.1 rikub Tingimusi v\u00f5i Tingimustest tulenevaid Kliendi kohustusi;<br \/>\n7.2.2 on esitanud lintman.ee veebiportaalis valesid, eksitavaid v\u00f5i ebat\u00e4pseid andmeid;<br \/>\n7.2.3 levitab teadlikult valeinformatsiooni ja solvab lintman.ee veebiportaali, Teenuspakkujaid v\u00f5i teisi inimesi.<br \/>\n7.2.4 Lintman.ee-l on \u00f5igus saata Kliendi e-posti aadressile v\u00f5i telefoni numbrile erinevaid kommertsteateid. Kliendil on \u00f5igus loobuda kommertsteadetest, teavitades vastavasisulisest soovist\u00a0 lintman.ee klienditeenindust.<br \/>\n7.2.5 Lintman.ee-l on \u00f5igus katkestada pakutavat m\u00fc\u00fcki, misiganes ajahetkel, sellest eraldi osapooli teavitamata. Ootamatu katkestuse, hoolduspausi v\u00f5i m\u00fc\u00fcgi muu katkemise p\u00f5hjuse j\u00e4rel avatakse m\u00fc\u00fck uuesti ja m\u00fc\u00fcgi esitamise v\u00f5imalus j\u00e4tkub.<\/p>\n<ol start=\"8\">\n<li style=\"text-align: justify;\"><strong><u> Kliendi \u00f5igused ja kohustused.<\/u><\/strong><\/li>\n<\/ol>\n<p style=\"text-align: justify;\">8.1 Klient kohustub esitama lintman.ee veebiportaali kasutajaks registreerumisel t\u00e4ielikult t\u00f5eseid isikuandmeid.<br \/>\n8.2 Klient kohustub lintman.ee veebiportaali kasutama ainult k\u00e4esolevate tingimuste raames nimetatud eesm\u00e4rkidel ja tegema k\u00f5ik endast oleneva, et mitte soodustada konto ligip\u00e4\u00e4su andmete levikut ja pettuste toime panemist.<br \/>\n8.3 Klient kohustub teavitama lintman.ee klienditeenindust koheselt, kui tema konto ligip\u00e4\u00e4suandmed on sattunud kolmandate osapoolte valdusesse.<br \/>\n8.4 Klient kinnitab iga toimingu tegemisega internetikeskkonnas, et ta:<br \/>\n8.4.1. on \u00f5igus- ja teov\u00f5imeline isik, kellel on \u00f5igus teha veebiportaalis v\u00f5imaldatud tehinguid;<br \/>\n8.4.2. t\u00e4idab n\u00f5uetekohaselt k\u00f5iki tingimustes s\u00e4testatud kohustusi;<br \/>\n8.4.3 on teadlik ja n\u00f5ustub sellega, et lintman.ee veebiportaalil on \u00f5igus teostada kliendi isikuandmete t\u00f6\u00f6tlemist vastavalt Eesti Vabariigis kehtivatele \u00f5igusaktidele ja tingimustele.<\/p>\n<ol style=\"text-align: justify;\" start=\"9\">\n<li><strong><u> Kasutustingimuste muutmine.<\/u><\/strong><\/li>\n<\/ol>\n<p style=\"text-align: justify;\">9.1 Lintman.ee veebiportaalil on \u00f5igus muuta k\u00e4esolevaid tingimusi igal ajahetkel ja sellest etteteavitamata.<br \/>\n9.2 Muudetud kasutustingimused j\u00f5ustuvad nende avaldamise hetkest lintman.ee veebiportaalis.<\/p>\n<ol style=\"text-align: justify;\" start=\"10\">\n<li><strong><u> Isikuandmed ja nende t\u00f6\u00f6tlemine.<\/u><\/strong><\/li>\n<\/ol>\n<p style=\"text-align: justify;\">10.1 Lintman.ee veebiportaal ei avalda Kliendi isikuandmeid kolmandatele osapooltele.<br \/>\n10.2 Lintman.ee veebiportaal salvestab isikuandmeid \u00fcksnes digitaalsel kujul, mille privaatsuse tagamiseks ja kaitseks annab lintman.ee veebiportaal endast parima.<br \/>\n10.3 Andmeid, mida lintman.ee veebiportaal on saanud f\u00fc\u00fcsilisest isikust Kliendilt internetikeskkonna kasutajaks registreerumisel, ja internetikeskkonna kasutamise k\u00e4igus k\u00fcsinud v\u00f5i mis koguneb f\u00fc\u00fcsilisest isikust kliendi kohta muul viisil internetikeskkonna kasutamise teel (edaspidi isikuandmed), on\u00a0 lintman.ee veebiportaalil \u00f5igus t\u00f6\u00f6delda tingimustes s\u00e4testatud eesm\u00e4rkidel ja mahus.<br \/>\n10.4 Klient annab n\u00f5usoleku isikuandmete kasutamiseks k\u00e4esolevate kasutustingimustes s\u00e4testatud eesm\u00e4rkide saavutamiseks. Soovi korral on Kliendil \u00f5igus n\u00f5uda lintman.ee veebiportaalilt isikuandmete kustutamist, teavitades sellest lintman.ee klienditeenindust.<\/p>\n<ol style=\"text-align: justify;\" start=\"11\">\n<li><strong><u> L\u00f5pps\u00e4tted.<\/u><\/strong><\/li>\n<\/ol>\n<p style=\"text-align: justify;\">11.1 lintman.ee kasutamisest tekkinud vaidlusi p\u00fc\u00fcavad Klient ja lintman.ee veebiportaal lahendada l\u00e4bir\u00e4\u00e4kimiste teel, selle v\u00f5imatuse korral p\u00f6\u00f6rdutakse Harju Maakohtusse.<br \/>\n11.2 Kliendil on \u00f5igus tingimustest taganeda 14 p\u00e4eva jooksul nende aktsepteerimisest, samuti on Kliendil igal ajal \u00f5igus tingimustes reguleeritud \u00f5igussuhted \u00fcles \u00f6elda, t\u00e4ites eelnevalt enda kohustused lintman.ee veebiportaali ees.<\/p>\n<p>&nbsp;<\/p>\n<p style=\"text-align: center;\"><strong>O\u00dc LINTMAN EESTI<\/strong><strong><br \/>\n<\/strong>Lauliku 2B, 10919 Tallinn. ESTONIA<br \/>\nTel. +372 6776470, fax +372\u00a06776471<br \/>\nE-mail: <a href=\"mailto:info@lintman.ee\">info@lintman.ee<\/a><\/p>\n<p style=\"text-align: center;\">a\/a EE217700771001330626 LHV Pank<br \/>\nSWIFT HVBEE22<br \/>\nEE10016056<\/p>\n","protected":false},"excerpt":{"rendered":"<p>K\u00e4esolevad kasutustingimused on loodud veebiportaali www.lintman.ee (LINTMAN EESTI O\u00dc) asukohaga Lauliku 2b, registrikood 10048054 ja portaali kasutaja (edaspidi Klient) vahelisteks&#8230;<\/p>\n","protected":false},"author":69,"featured_media":0,"parent":0,"menu_order":0,"comment_status":"closed","ping_status":"closed","template":"","meta":{"_acf_changed":false,"footnotes":""},"class_list":["post-9977","page","type-page","status-publish","hentry"],"acf":[],"yoast_head":"<!-- This site is optimized with the Yoast SEO Premium plugin v23.4 (Yoast SEO v27.2) - https:\/\/yoast.com\/product\/yoast-seo-premium-wordpress\/ -->\n<title>\u00dcld- ja ostutingimused - Lintman.ee<\/title>\n<meta name=\"robots\" content=\"noindex, follow, max-snippet:-1, max-image-preview:large, max-video-preview:-1\" \/>\n<meta property=\"og:locale\" content=\"en_US\" \/>\n<meta property=\"og:type\" content=\"article\" \/>\n<meta property=\"og:title\" content=\"\u00dcld- ja ostutingimused\" \/>\n<meta property=\"og:description\" content=\"K\u00e4esolevad kasutustingimused on loodud veebiportaali www.lintman.ee (LINTMAN EESTI O\u00dc) asukohaga Lauliku 2b, registrikood 10048054 ja portaali kasutaja (edaspidi Klient) vahelisteks...\" \/>\n<meta property=\"og:url\" content=\"https:\/\/latvija.lintman.ee\/uld-ja-ostutingimused\/\" \/>\n<meta property=\"og:site_name\" content=\"Lintman.ee\" \/>\n<meta property=\"article:publisher\" content=\"https:\/\/www.facebook.com\/lintmaneesti\/\" \/>\n<meta property=\"article:modified_time\" content=\"2023-01-24T17:22:03+00:00\" \/>\n<meta name=\"twitter:card\" content=\"summary_large_image\" \/>\n<meta name=\"twitter:label1\" content=\"Est. reading time\" \/>\n\t<meta name=\"twitter:data1\" content=\"7 minutes\" \/>\n<script type=\"application\/ld+json\" class=\"yoast-schema-graph\">{\"@context\":\"https:\/\/schema.org\",\"@graph\":[{\"@type\":\"WebPage\",\"@id\":\"https:\/\/latvija.lintman.ee\/uld-ja-ostutingimused\/\",\"url\":\"https:\/\/latvija.lintman.ee\/uld-ja-ostutingimused\/\",\"name\":\"\u00dcld- ja ostutingimused - Lintman.ee\",\"isPartOf\":{\"@id\":\"https:\/\/latvija.lintman.ee\/#website\"},\"datePublished\":\"2017-10-08T17:55:45+00:00\",\"dateModified\":\"2023-01-24T17:22:03+00:00\",\"breadcrumb\":{\"@id\":\"https:\/\/latvija.lintman.ee\/uld-ja-ostutingimused\/#breadcrumb\"},\"inLanguage\":\"en-US\",\"potentialAction\":[{\"@type\":\"ReadAction\",\"target\":[\"https:\/\/latvija.lintman.ee\/uld-ja-ostutingimused\/\"]}]},{\"@type\":\"BreadcrumbList\",\"@id\":\"https:\/\/latvija.lintman.ee\/uld-ja-ostutingimused\/#breadcrumb\",\"itemListElement\":[{\"@type\":\"ListItem\",\"position\":1,\"name\":\"Home\",\"item\":\"https:\/\/latvija.lintman.ee\/\"},{\"@type\":\"ListItem\",\"position\":2,\"name\":\"\u00dcld- ja ostutingimused\"}]},{\"@type\":\"WebSite\",\"@id\":\"https:\/\/latvija.lintman.ee\/#website\",\"url\":\"https:\/\/latvija.lintman.ee\/\",\"name\":\"Lintman.ee\",\"description\":\"\",\"potentialAction\":[{\"@type\":\"SearchAction\",\"target\":{\"@type\":\"EntryPoint\",\"urlTemplate\":\"https:\/\/latvija.lintman.ee\/?s={search_term_string}\"},\"query-input\":{\"@type\":\"PropertyValueSpecification\",\"valueRequired\":true,\"valueName\":\"search_term_string\"}}],\"inLanguage\":\"en-US\"}]}<\/script>\n<!-- \/ Yoast SEO Premium plugin. -->","yoast_head_json":{"title":"\u00dcld- ja ostutingimused - Lintman.ee","robots":{"index":"noindex","follow":"follow","max-snippet":"max-snippet:-1","max-image-preview":"max-image-preview:large","max-video-preview":"max-video-preview:-1"},"og_locale":"en_US","og_type":"article","og_title":"\u00dcld- ja ostutingimused","og_description":"K\u00e4esolevad kasutustingimused on loodud veebiportaali www.lintman.ee (LINTMAN EESTI O\u00dc) asukohaga Lauliku 2b, registrikood 10048054 ja portaali kasutaja (edaspidi Klient) vahelisteks...","og_url":"https:\/\/latvija.lintman.ee\/uld-ja-ostutingimused\/","og_site_name":"Lintman.ee","article_publisher":"https:\/\/www.facebook.com\/lintmaneesti\/","article_modified_time":"2023-01-24T17:22:03+00:00","twitter_card":"summary_large_image","twitter_misc":{"Est. reading time":"7 minutes"},"schema":{"@context":"https:\/\/schema.org","@graph":[{"@type":"WebPage","@id":"https:\/\/latvija.lintman.ee\/uld-ja-ostutingimused\/","url":"https:\/\/latvija.lintman.ee\/uld-ja-ostutingimused\/","name":"\u00dcld- ja ostutingimused - Lintman.ee","isPartOf":{"@id":"https:\/\/latvija.lintman.ee\/#website"},"datePublished":"2017-10-08T17:55:45+00:00","dateModified":"2023-01-24T17:22:03+00:00","breadcrumb":{"@id":"https:\/\/latvija.lintman.ee\/uld-ja-ostutingimused\/#breadcrumb"},"inLanguage":"en-US","potentialAction":[{"@type":"ReadAction","target":["https:\/\/latvija.lintman.ee\/uld-ja-ostutingimused\/"]}]},{"@type":"BreadcrumbList","@id":"https:\/\/latvija.lintman.ee\/uld-ja-ostutingimused\/#breadcrumb","itemListElement":[{"@type":"ListItem","position":1,"name":"Home","item":"https:\/\/latvija.lintman.ee\/"},{"@type":"ListItem","position":2,"name":"\u00dcld- ja ostutingimused"}]},{"@type":"WebSite","@id":"https:\/\/latvija.lintman.ee\/#website","url":"https:\/\/latvija.lintman.ee\/","name":"Lintman.ee","description":"","potentialAction":[{"@type":"SearchAction","target":{"@type":"EntryPoint","urlTemplate":"https:\/\/latvija.lintman.ee\/?s={search_term_string}"},"query-input":{"@type":"PropertyValueSpecification","valueRequired":true,"valueName":"search_term_string"}}],"inLanguage":"en-US"}]}},"_links":{"self":[{"href":"https:\/\/latvija.lintman.ee\/en\/wp-json\/wp\/v2\/pages\/9977","targetHints":{"allow":["GET"]}}],"collection":[{"href":"https:\/\/latvija.lintman.ee\/en\/wp-json\/wp\/v2\/pages"}],"about":[{"href":"https:\/\/latvija.lintman.ee\/en\/wp-json\/wp\/v2\/types\/page"}],"author":[{"embeddable":true,"href":"https:\/\/latvija.lintman.ee\/en\/wp-json\/wp\/v2\/users\/69"}],"replies":[{"embeddable":true,"href":"https:\/\/latvija.lintman.ee\/en\/wp-json\/wp\/v2\/comments?post=9977"}],"version-history":[{"count":0,"href":"https:\/\/latvija.lintman.ee\/en\/wp-json\/wp\/v2\/pages\/9977\/revisions"}],"wp:attachment":[{"href":"https:\/\/latvija.lintman.ee\/en\/wp-json\/wp\/v2\/media?parent=9977"}],"curies":[{"name":"wp","href":"https:\/\/api.w.org\/{rel}","templated":true}]}}