{"id":9072,"date":"2017-08-03T13:45:38","date_gmt":"2017-08-03T10:45:38","guid":{"rendered":"https:\/\/project.dreamo.ee\/lintman\/?page_id=9072"},"modified":"2022-12-08T20:20:13","modified_gmt":"2022-12-08T18:20:13","slug":"asukoht-kontakt","status":"publish","type":"page","link":"https:\/\/latvija.lintman.ee\/en\/asukoht-kontakt\/","title":{"rendered":"Asukoht &#038; kontakt"},"content":{"rendered":"<h2>O\u00dc LINTMAN EESTI<\/h2>\n<p><strong>Registrikood: <\/strong>10048054<br \/>\n<strong>Aadress:<\/strong>\u00a0<a href=\"https:\/\/goo.gl\/maps\/PZAzLPTnZpQ2\" target=\"_blank\" rel=\"noopener noreferrer\">Lauliku 2b, Tallinn, 10919<\/a><br \/>\n<strong>Avatud:<\/strong>\u00a0E-N 10:00-18:00, R 10:00-17:00<\/p>\n<p><strong>Telefon:<\/strong> <a href=\"tel:+3726776478\">+372 677 6478<\/a><br \/>\n<strong>E-mail:<\/strong>\u00a0<a href=\"mailto:info@lintman.ee\">info@lintman.ee<\/a><\/p>\n<p>Kui Teil on k\u00fcsimusi v\u00f5i ettepanekuid, siis palun j\u00e4tke meie klienditoele teade ja me v\u00f5tame Teiega \u00fchendust.<\/p>\n<p><strong>Pangaandmed:<\/strong><br \/>\nLHV Pank &#8211; EE217700771001330626, BIC &#8211; LHVBEE22<\/p>\n<p>&nbsp;<\/p>\n","protected":false},"excerpt":{"rendered":"<p>O\u00dc LINTMAN EESTI Registrikood: 10048054 Aadress:\u00a0Lauliku 2b, Tallinn, 10919 Avatud:\u00a0E-N 10:00-18:00, R 10:00-17:00 Telefon: +372 677 6478 E-mail:\u00a0info@lintman.ee Kui Teil&#8230;<\/p>\n","protected":false},"author":69,"featured_media":0,"parent":0,"menu_order":5,"comment_status":"closed","ping_status":"closed","template":"template-contact.php","meta":{"_acf_changed":false,"footnotes":""},"class_list":["post-9072","page","type-page","status-publish","hentry"],"acf":[],"yoast_head":"<!-- This site is optimized with the Yoast SEO Premium plugin v23.4 (Yoast SEO v27.2) - https:\/\/yoast.com\/product\/yoast-seo-premium-wordpress\/ -->\n<title>Asukoht &amp; kontakt - Lintman.ee<\/title>\n<meta name=\"robots\" content=\"noindex, follow, max-snippet:-1, max-image-preview:large, max-video-preview:-1\" \/>\n<meta property=\"og:locale\" content=\"en_US\" \/>\n<meta property=\"og:type\" content=\"article\" \/>\n<meta property=\"og:title\" content=\"Asukoht &amp; kontakt\" \/>\n<meta property=\"og:description\" content=\"O\u00dc LINTMAN EESTI Registrikood: 10048054 Aadress:\u00a0Lauliku 2b, Tallinn, 10919 Avatud:\u00a0E-N 10:00-18:00, R 10:00-17:00 Telefon: +372 677 6478 E-mail:\u00a0info@lintman.ee Kui Teil...\" \/>\n<meta property=\"og:url\" content=\"https:\/\/latvija.lintman.ee\/asukoht-kontakt\/\" \/>\n<meta property=\"og:site_name\" content=\"Lintman.ee\" \/>\n<meta property=\"article:publisher\" content=\"https:\/\/www.facebook.com\/lintmaneesti\/\" \/>\n<meta property=\"article:modified_time\" content=\"2022-12-08T18:20:13+00:00\" \/>\n<meta name=\"twitter:card\" content=\"summary_large_image\" \/>\n<script type=\"application\/ld+json\" class=\"yoast-schema-graph\">{\"@context\":\"https:\/\/schema.org\",\"@graph\":[{\"@type\":\"WebPage\",\"@id\":\"https:\/\/latvija.lintman.ee\/asukoht-kontakt\/\",\"url\":\"https:\/\/latvija.lintman.ee\/asukoht-kontakt\/\",\"name\":\"Asukoht & kontakt - Lintman.ee\",\"isPartOf\":{\"@id\":\"https:\/\/latvija.lintman.ee\/#website\"},\"datePublished\":\"2017-08-03T10:45:38+00:00\",\"dateModified\":\"2022-12-08T18:20:13+00:00\",\"breadcrumb\":{\"@id\":\"https:\/\/latvija.lintman.ee\/asukoht-kontakt\/#breadcrumb\"},\"inLanguage\":\"en-US\",\"potentialAction\":[{\"@type\":\"ReadAction\",\"target\":[\"https:\/\/latvija.lintman.ee\/asukoht-kontakt\/\"]}]},{\"@type\":\"BreadcrumbList\",\"@id\":\"https:\/\/latvija.lintman.ee\/asukoht-kontakt\/#breadcrumb\",\"itemListElement\":[{\"@type\":\"ListItem\",\"position\":1,\"name\":\"Home\",\"item\":\"https:\/\/latvija.lintman.ee\/\"},{\"@type\":\"ListItem\",\"position\":2,\"name\":\"Asukoht &#038; kontakt\"}]},{\"@type\":\"WebSite\",\"@id\":\"https:\/\/latvija.lintman.ee\/#website\",\"url\":\"https:\/\/latvija.lintman.ee\/\",\"name\":\"Lintman.ee\",\"description\":\"\",\"potentialAction\":[{\"@type\":\"SearchAction\",\"target\":{\"@type\":\"EntryPoint\",\"urlTemplate\":\"https:\/\/latvija.lintman.ee\/?s={search_term_string}\"},\"query-input\":{\"@type\":\"PropertyValueSpecification\",\"valueRequired\":true,\"valueName\":\"search_term_string\"}}],\"inLanguage\":\"en-US\"}]}<\/script>\n<!-- \/ Yoast SEO Premium plugin. -->","yoast_head_json":{"title":"Asukoht & kontakt - Lintman.ee","robots":{"index":"noindex","follow":"follow","max-snippet":"max-snippet:-1","max-image-preview":"max-image-preview:large","max-video-preview":"max-video-preview:-1"},"og_locale":"en_US","og_type":"article","og_title":"Asukoht & kontakt","og_description":"O\u00dc LINTMAN EESTI Registrikood: 10048054 Aadress:\u00a0Lauliku 2b, Tallinn, 10919 Avatud:\u00a0E-N 10:00-18:00, R 10:00-17:00 Telefon: +372 677 6478 E-mail:\u00a0info@lintman.ee Kui Teil...","og_url":"https:\/\/latvija.lintman.ee\/asukoht-kontakt\/","og_site_name":"Lintman.ee","article_publisher":"https:\/\/www.facebook.com\/lintmaneesti\/","article_modified_time":"2022-12-08T18:20:13+00:00","twitter_card":"summary_large_image","schema":{"@context":"https:\/\/schema.org","@graph":[{"@type":"WebPage","@id":"https:\/\/latvija.lintman.ee\/asukoht-kontakt\/","url":"https:\/\/latvija.lintman.ee\/asukoht-kontakt\/","name":"Asukoht & kontakt - Lintman.ee","isPartOf":{"@id":"https:\/\/latvija.lintman.ee\/#website"},"datePublished":"2017-08-03T10:45:38+00:00","dateModified":"2022-12-08T18:20:13+00:00","breadcrumb":{"@id":"https:\/\/latvija.lintman.ee\/asukoht-kontakt\/#breadcrumb"},"inLanguage":"en-US","potentialAction":[{"@type":"ReadAction","target":["https:\/\/latvija.lintman.ee\/asukoht-kontakt\/"]}]},{"@type":"BreadcrumbList","@id":"https:\/\/latvija.lintman.ee\/asukoht-kontakt\/#breadcrumb","itemListElement":[{"@type":"ListItem","position":1,"name":"Home","item":"https:\/\/latvija.lintman.ee\/"},{"@type":"ListItem","position":2,"name":"Asukoht &#038; kontakt"}]},{"@type":"WebSite","@id":"https:\/\/latvija.lintman.ee\/#website","url":"https:\/\/latvija.lintman.ee\/","name":"Lintman.ee","description":"","potentialAction":[{"@type":"SearchAction","target":{"@type":"EntryPoint","urlTemplate":"https:\/\/latvija.lintman.ee\/?s={search_term_string}"},"query-input":{"@type":"PropertyValueSpecification","valueRequired":true,"valueName":"search_term_string"}}],"inLanguage":"en-US"}]}},"_links":{"self":[{"href":"https:\/\/latvija.lintman.ee\/en\/wp-json\/wp\/v2\/pages\/9072","targetHints":{"allow":["GET"]}}],"collection":[{"href":"https:\/\/latvija.lintman.ee\/en\/wp-json\/wp\/v2\/pages"}],"about":[{"href":"https:\/\/latvija.lintman.ee\/en\/wp-json\/wp\/v2\/types\/page"}],"author":[{"embeddable":true,"href":"https:\/\/latvija.lintman.ee\/en\/wp-json\/wp\/v2\/users\/69"}],"replies":[{"embeddable":true,"href":"https:\/\/latvija.lintman.ee\/en\/wp-json\/wp\/v2\/comments?post=9072"}],"version-history":[{"count":0,"href":"https:\/\/latvija.lintman.ee\/en\/wp-json\/wp\/v2\/pages\/9072\/revisions"}],"wp:attachment":[{"href":"https:\/\/latvija.lintman.ee\/en\/wp-json\/wp\/v2\/media?parent=9072"}],"curies":[{"name":"wp","href":"https:\/\/api.w.org\/{rel}","templated":true}]}}