{"id":4171,"date":"2015-08-27T22:42:35","date_gmt":"2015-08-27T19:42:35","guid":{"rendered":"http:\/\/www.lintman.ee\/?page_id=4171"},"modified":"2022-09-05T10:35:17","modified_gmt":"2022-09-05T07:35:17","slug":"jarelmaks","status":"publish","type":"page","link":"https:\/\/latvija.lintman.ee\/en\/jarelmaks\/","title":{"rendered":"LINTMAN j\u00e4relmaks"},"content":{"rendered":"<div class=\"wpb-content-wrapper\"><p>[vc_row][vc_column][vc_column_text]<img loading=\"lazy\" decoding=\"async\" class=\"alignnone wp-image-22660 size-full lazyload\" src=\"data:image\/gif;base64,R0lGODlhAQABAAAAACH5BAEKAAEALAAAAAABAAEAAAICTAEAOw==\" alt=\"\" width=\"300\" height=\"79\" sizes=\"auto, (max-width: 300px) 100vw, 300px\" data-src=\"https:\/\/latvija.lintman.ee\/wp-content\/uploads\/2019\/09\/Lintman_j\u00e4relmaks.png\" data-srcset=\"https:\/\/latvija.lintman.ee\/wp-content\/uploads\/2019\/09\/Lintman_j\u00e4relmaks.png 300w, https:\/\/latvija.lintman.ee\/wp-content\/uploads\/2019\/09\/Lintman_j\u00e4relmaks-270x71.png 270w\"><\/p>\n<h2>Ei soovi maksta kogu summat korraga? Maksa osamaksete kaupa!<\/h2>\n<p>Kasuta toodete v\u00f5i teenuste eest maksmisel just Lintman j\u00e4relmaksu \u2013 k\u00f5ige soodsam, mugavam ja kiirem j\u00e4relmaksulink Eestis!<\/p>\n<p>Lisa sobivad tooted ostukorvi, kinnita oma tellimus ning vali makseviisidest Lintman j\u00e4relmaksulink. Maksmisel valige sobiv periood, igakuise osamakse suurus ning digiallkirjastage mugavalt ID-kaardi, Smart-ID v\u00f5i Mobiili-ID abil.<\/p>\n<p>Lintman j\u00e4relmaksu puhul on tegemist \u00fclimalt kiire ning mugava akselahendusega, mis aitab koostada sulle sinu poolt valitud perioodi alusel maksegraafiku. Antud makselahendus teeb otsuse reaalajas ning aitab ostu sooritada v\u00e4hem kui 60 sekundiga.<\/p>\n<p><strong>T\u00c4HELEPANU!<\/strong> Iga j\u00e4relmaks on finantskohustus. Enne j\u00e4relmaksulepingu s\u00f5lmimist tutvuge vastava teenuse tingimustega ning vajadusel konsulteerige asjatundjaga.<\/p>\n<p>Lintman j\u00e4relmaksu pakkujaks on <strong>ESTO AS<\/strong> (reg. kood 14180709).<\/p>\n<p>Lintman j\u00e4relmaksu tavatingimused on j\u00e4rgmised:<\/p>\n<ul>\n<li>Intress alates 0% kuni 14.90%<\/li>\n<li>Lepingutasu alates 0 eurost<\/li>\n<li>Periood kuni 5 aastat<\/li>\n<\/ul>\n<p>Lintman j\u00e4relmaksu saavad taotleda k\u00f5ik 18-70-aastased Eesti Vabariigi kodanikud. <strong>Lintman j\u00e4relmaksu on v\u00f5imalik vormistada kiirelt ja mugavalt ka juriidilisele isikule.<\/strong><\/p>\n<p>Iga finantsotsusega kaasnevad riskid ja kohustused, mist\u00f5ttu palume laenutoodete tarbimise vajadus hoolikalt l\u00e4bi m\u00f5elda. N\u00e4iteks 2049-eurose laenusumma puhul 12 kuuks fikseeritud intressiga 14% aastas ja lepingutasuga 14.90 eurot on krediidi kulukuse m\u00e4\u00e4r 31.12%, kuumakse suurus 197.14 eurot ning tarbija poolt tagasimakstav kogusumma 2365.68 eurot.<\/p>\n<p>&nbsp;<\/p>\n<h4><b>ESTO 3-osaline makseviis &#8211; ajata enda ostukorvi maksumus kolmeks v\u00f5rdseks makseks ilma \u00fchegi lisatasuta!<\/b><\/h4>\n<p><span style=\"font-weight: 400;\"><img loading=\"lazy\" decoding=\"async\" class=\"alignnone size-medium wp-image-59301 lazyload\" src=\"data:image\/gif;base64,R0lGODlhAQABAAAAACH5BAEKAAEALAAAAAABAAEAAAICTAEAOw==\" alt=\"\" width=\"600\" height=\"294\" sizes=\"auto, (max-width: 600px) 100vw, 600px\" data-src=\"https:\/\/latvija.lintman.ee\/wp-content\/uploads\/2022\/09\/esto1-600x294.png\" data-srcset=\"https:\/\/latvija.lintman.ee\/wp-content\/uploads\/2022\/09\/esto1-600x294.png 600w, https:\/\/latvija.lintman.ee\/wp-content\/uploads\/2022\/09\/esto1-768x376.png 768w, https:\/\/latvija.lintman.ee\/wp-content\/uploads\/2022\/09\/esto1-270x132.png 270w, https:\/\/latvija.lintman.ee\/wp-content\/uploads\/2022\/09\/esto1-470x230.png 470w, https:\/\/latvija.lintman.ee\/wp-content\/uploads\/2022\/09\/esto1-64x31.png 64w, https:\/\/latvija.lintman.ee\/wp-content\/uploads\/2022\/09\/esto1.png 897w\"><\/span><\/p>\n<p><span style=\"font-weight: 400;\">Kasuta toodete v\u00f5i teenuste eest maksmisel <\/span><b>ESTO 3-osalist SLICE makseviisi<\/b><span style=\"font-weight: 400;\"> \u2013 ajata enda ostukorvi maksumus kolmeks v\u00f5rdseks makseks, ilma \u00fchtegi lisatasu maksmata!<\/span><\/p>\n<p><span style=\"font-weight: 400;\">Lisa tooted ostukorvi, kinnita oma tellimus ning vali makseviisiks<\/span><b> ESTO 3 <\/b><span style=\"font-weight: 400;\">ning digiallkirjasta mugavalt Smart-ID, Mobiil-ID lahendusega v\u00f5i ID-kaardiga.<\/span><\/p>\n<ul>\n<li style=\"font-weight: 400;\" aria-level=\"1\"><span style=\"font-weight: 400;\">Tasudes enda ostukorvi maksumuse t\u00e4ies ulatuses ja \u00f5igeaegselt kolme kuu jooksul, siis ei lisandu mitte \u00fchtegi lisatasu.<\/span><\/li>\n<li style=\"font-weight: 400;\" aria-level=\"1\"><span style=\"font-weight: 400;\">Kuutasu kujuneb ostukorvi maksumuse jagamisel kolmeks v\u00f5rdseks osaks.<\/span><\/li>\n<li style=\"font-weight: 400;\" aria-level=\"1\"><span style=\"font-weight: 400;\">ESTO 3 saavad taotleda k\u00f5ik 18-70 aastased Eesti Vabariigi kodanikud.<\/span><\/li>\n<\/ul>\n<p><b>ESTO 3 makseviisi\u00a0tingimused<\/b><\/p>\n<p><b><img loading=\"lazy\" decoding=\"async\" class=\"alignnone size-medium wp-image-59303 lazyload\" src=\"data:image\/gif;base64,R0lGODlhAQABAAAAACH5BAEKAAEALAAAAAABAAEAAAICTAEAOw==\" alt=\"\" width=\"600\" height=\"109\" sizes=\"auto, (max-width: 600px) 100vw, 600px\" data-src=\"https:\/\/latvija.lintman.ee\/wp-content\/uploads\/2022\/09\/esto2-600x109.png\" data-srcset=\"https:\/\/latvija.lintman.ee\/wp-content\/uploads\/2022\/09\/esto2-600x109.png 600w, https:\/\/latvija.lintman.ee\/wp-content\/uploads\/2022\/09\/esto2-768x139.png 768w, https:\/\/latvija.lintman.ee\/wp-content\/uploads\/2022\/09\/esto2-270x49.png 270w, https:\/\/latvija.lintman.ee\/wp-content\/uploads\/2022\/09\/esto2-470x85.png 470w, https:\/\/latvija.lintman.ee\/wp-content\/uploads\/2022\/09\/esto2-64x12.png 64w, https:\/\/latvija.lintman.ee\/wp-content\/uploads\/2022\/09\/esto2.png 879w\"><\/b><\/p>\n<p><b>ESTO 3 makseviisi <\/b><span style=\"font-weight: 400;\">teenusepakkujaks on ESTO AS.<\/span><\/p>\n<p><span style=\"font-weight: 400;\">ESTO 3 krediidi kulukuse m\u00e4\u00e4r on 0% j\u00e4rgmistel n\u00e4idistingimustel: intress 0% aastas, puuduvad tasud.\u00a0<\/span><\/p>\n<p><span style=\"font-weight: 400;\"><br \/>\n<\/span><span style=\"font-weight: 400;\">ESTO 3-osalise makseviisi teenusepakkujaks on\u00a0<\/span><b>ESTO AS.<\/b><span style=\"font-weight: 400;\"><br \/>\n<\/span><span style=\"font-weight: 400;\">E-mail:\u00a0<\/span><a href=\"mailto:info@esto.ee\"><span style=\"font-weight: 400;\">info@esto.ee<\/span><span style=\"font-weight: 400;\"><br \/>\n<\/span><\/a><span style=\"font-weight: 400;\">Telefon: (+372) 622 52 52<\/span>[\/vc_column_text][vc_column_text]<\/p>\n<h1 style=\"text-align: justify;\">LHV j\u00e4relmaks<\/h1>\n<h2 style=\"text-align: justify;\"><\/h2>\n<h2 style=\"text-align: justify;\">LHV j\u00e4relmaksuga saad kauba\/teenuse eest tasuda osadena.<br \/>\nT\u00e4ida taotlus <em><a href=\"https:\/\/www.lhv.ee\/et\/jarelmaks\/taotlus?deor=EE-10048054\" target=\"_blank\" rel=\"noopener noreferrer\">siin<\/a><\/em> v\u00f5i meie kaupluses ja teeme Sulle kohe pakkumise.<\/h2>\n<ul style=\"text-align: justify;\">\n<li>Vastus taotlusele m\u00f5ne minutiga.<\/li>\n<li>Sissemakse alates 0 eurost.<\/li>\n<li>Intress on alates 15,9% ja see arvutatakse laenuj\u00e4\u00e4gilt.<\/li>\n<li>Tasuta ennet\u00e4htaegne tagastamine.<\/li>\n<\/ul>\n<p style=\"text-align: justify;\"><strong>Endale sobiva kuumakse suuruse ja tagasimakseperioodi saad valida ise.<\/strong><\/p>\n<p><script src=\"\/\/partners.lhv.ee\/assets\/scripts\/iframeResizer.min.js\"><\/script><br \/>\n<iframe loading=\"lazy\" src=\"\/\/partners.lhv.ee\/et\/widget\/hire-purchase\/horizontal\/?code=EE-10048054&amp;price=&amp;interest=&amp;info_url=&amp;price_based_interest=\" width=\"540px\" height=\"250px\" frameborder=\"no\" scrolling=\"no\"><\/iframe><br \/>\n<script>iFrameResize({log:false});<\/script><\/p>\n<p style=\"text-align: justify;\">Tegemist on \u00fcmardatud n\u00e4idiskuumaksetega, kui intress on 15,9%. T\u00e4pne kuumakse lepitakse kokku lepingus.<\/p>\n<p style=\"text-align: justify;\"><strong>J\u00e4relmaksu tingimused<\/strong><\/p>\n<ul style=\"text-align: justify;\">\n<li>Otsus j\u00e4relmaksu anda kehtib 90 p\u00e4eva. Selle perioodi jooksul saad pakutud limiidi ulatuses osta kaupu ja teenuseid.<\/li>\n<li>Taotleja miinimum sissetulek 250 eurot kuus.<\/li>\n<li>Lepingutasu alates 9,90 eurost.<\/li>\n<li>Lepingu pikkus kuni 3-48 kuud.<\/li>\n<\/ul>\n<p style=\"text-align: justify;\"><strong>LHV j\u00e4relmaksuga saab osta ka ettev\u00f5te,<\/strong> kes on tegutsenud v\u00e4hemalt \u00fche aasta. Selleks esita <em><a href=\"https:\/\/www.lhv.ee\/et\/jarelmaks\/taotlus?deor=EE-10048054\" target=\"_blank\" rel=\"noopener noreferrer\"><u>taotlus<\/u><\/a><\/em>, ettev\u00f5tte viimane majandusaasta aruanne, bilanss ja kasumiaruanne viimase kuu seisuga. Saada dokumendid aadressile <a href=\"mailto:finance@lhv.ee\">finance@lhv.ee<\/a> ja pakkumine edastatakse sulle hiljemalt kolme p\u00e4eva jooksul. Vajadusel v\u00f5ime k\u00fcsida ka k\u00e4endust ettev\u00f5tte omanikult, juhatuse liikmelt v\u00f5i teiselt ettev\u00f5ttelt.<\/p>\n<p style=\"text-align: justify;\"><a href=\"https:\/\/www.lhv.ee\/et\/jarelmaks\/taotlus?deor=EE-10048054\"><img loading=\"lazy\" decoding=\"async\" class=\"alignnone wp-image-22234 lazyload\" src=\"data:image\/gif;base64,R0lGODlhAQABAAAAACH5BAEKAAEALAAAAAABAAEAAAICTAEAOw==\" alt=\"\" width=\"454\" height=\"132\" sizes=\"auto, (max-width: 454px) 100vw, 454px\" data-src=\"https:\/\/latvija.lintman.ee\/wp-content\/uploads\/2019\/08\/jarelmaks_468x136_ET.png\" data-srcset=\"https:\/\/latvija.lintman.ee\/wp-content\/uploads\/2019\/08\/jarelmaks_468x136_ET.png 468w, https:\/\/latvija.lintman.ee\/wp-content\/uploads\/2019\/08\/jarelmaks_468x136_ET-270x78.png 270w\"><\/a><\/p>\n<p style=\"text-align: justify;\"><strong>Lisateave<\/strong><\/p>\n<p style=\"text-align: justify;\">Lhv.ee\/jarelmaks<br \/>\n6802 700<\/p>\n<hr \/>\n<p style=\"text-align: justify;\"><strong>J\u00e4relmaksu pakub AS LHV Finance. Tutvu tingimustega m\u00fc\u00fcgikohas v\u00f5i <a href=\"https:\/\/www.lhv.ee\/jarelmaks\" target=\"_blank\" rel=\"noopener noreferrer\">lhv.ee\/jarelmaks<\/a> ja k\u00fcsi n\u00f5u meie asjatundjalt<\/strong>.<\/p>\n<p style=\"text-align: justify;\">J\u00e4relmaksu pakub AS LHV Finance. Tutvu tingimustega m\u00fc\u00fcgikohas v\u00f5i lhv.ee\/jarelmaks ja k\u00fcsi n\u00f5u meie asjatundjalt. Igakuise osamakse suurus on 37,38 \u20ac ja krediidi kulukuse m\u00e4\u00e4r on 23,70% aastas j\u00e4rgmistel n\u00e4idistingimustel: kauba\/teenuse maksumus 700 \u20ac, sissemakse 0%, krediidisumma 700 \u20ac, intress 19,90% j\u00e4\u00e4gilt aastas (fikseeritud), lepingutasu 9,90 \u20ac, j\u00e4relmaksu\u00a0 periood 23 kuud, tasumine igakuiste annuiteetmaksetena, maksete kogusumma 859,74 \u20ac ja tagasimaksete summa 859,74 \u20ac.<\/p>\n<p>[\/vc_column_text][\/vc_column][\/vc_row]<\/p>\n<\/div>","protected":false},"excerpt":{"rendered":"<p>[vc_row][vc_column][vc_column_text] Ei soovi maksta kogu summat korraga? Maksa osamaksete kaupa! Kasuta toodete v\u00f5i teenuste eest maksmisel just Lintman j\u00e4relmaksu \u2013&#8230;<\/p>\n","protected":false},"author":69,"featured_media":0,"parent":0,"menu_order":3,"comment_status":"closed","ping_status":"closed","template":"","meta":{"_acf_changed":false,"footnotes":""},"class_list":["post-4171","page","type-page","status-publish","hentry"],"acf":[],"yoast_head":"<!-- This site is optimized with the Yoast SEO Premium plugin v23.4 (Yoast SEO v27.2) - https:\/\/yoast.com\/product\/yoast-seo-premium-wordpress\/ -->\n<title>LINTMAN j\u00e4relmaks - Lintman.ee<\/title>\n<meta name=\"robots\" content=\"noindex, follow, max-snippet:-1, max-image-preview:large, max-video-preview:-1\" \/>\n<meta property=\"og:locale\" content=\"en_US\" \/>\n<meta property=\"og:type\" content=\"article\" \/>\n<meta property=\"og:title\" content=\"LINTMAN j\u00e4relmaks\" \/>\n<meta property=\"og:description\" content=\"[vc_row][vc_column][vc_column_text] Ei soovi maksta kogu summat korraga? Maksa osamaksete kaupa! Kasuta toodete v\u00f5i teenuste eest maksmisel just Lintman j\u00e4relmaksu \u2013...\" \/>\n<meta property=\"og:url\" content=\"https:\/\/latvija.lintman.ee\/jarelmaks\/\" \/>\n<meta property=\"og:site_name\" content=\"Lintman.ee\" \/>\n<meta property=\"article:publisher\" content=\"https:\/\/www.facebook.com\/lintmaneesti\/\" \/>\n<meta property=\"article:modified_time\" content=\"2022-09-05T07:35:17+00:00\" \/>\n<meta property=\"og:image\" content=\"https:\/\/latvija.lintman.ee\/wp-content\/uploads\/2022\/09\/esto1-600x294.png\" \/>\n<meta name=\"twitter:card\" content=\"summary_large_image\" \/>\n<meta name=\"twitter:label1\" content=\"Est. reading time\" \/>\n\t<meta name=\"twitter:data1\" content=\"3 minutes\" \/>\n<script type=\"application\/ld+json\" class=\"yoast-schema-graph\">{\"@context\":\"https:\/\/schema.org\",\"@graph\":[{\"@type\":\"WebPage\",\"@id\":\"https:\/\/latvija.lintman.ee\/jarelmaks\/\",\"url\":\"https:\/\/latvija.lintman.ee\/jarelmaks\/\",\"name\":\"LINTMAN j\u00e4relmaks - Lintman.ee\",\"isPartOf\":{\"@id\":\"https:\/\/latvija.lintman.ee\/#website\"},\"primaryImageOfPage\":{\"@id\":\"https:\/\/latvija.lintman.ee\/jarelmaks\/#primaryimage\"},\"image\":{\"@id\":\"https:\/\/latvija.lintman.ee\/jarelmaks\/#primaryimage\"},\"thumbnailUrl\":\"https:\/\/latvija.lintman.ee\/wp-content\/uploads\/2022\/09\/esto1-600x294.png\",\"datePublished\":\"2015-08-27T19:42:35+00:00\",\"dateModified\":\"2022-09-05T07:35:17+00:00\",\"breadcrumb\":{\"@id\":\"https:\/\/latvija.lintman.ee\/jarelmaks\/#breadcrumb\"},\"inLanguage\":\"en-US\",\"potentialAction\":[{\"@type\":\"ReadAction\",\"target\":[\"https:\/\/latvija.lintman.ee\/jarelmaks\/\"]}]},{\"@type\":\"ImageObject\",\"inLanguage\":\"en-US\",\"@id\":\"https:\/\/latvija.lintman.ee\/jarelmaks\/#primaryimage\",\"url\":\"https:\/\/latvija.lintman.ee\/wp-content\/uploads\/2022\/09\/esto1-600x294.png\",\"contentUrl\":\"https:\/\/latvija.lintman.ee\/wp-content\/uploads\/2022\/09\/esto1-600x294.png\"},{\"@type\":\"BreadcrumbList\",\"@id\":\"https:\/\/latvija.lintman.ee\/jarelmaks\/#breadcrumb\",\"itemListElement\":[{\"@type\":\"ListItem\",\"position\":1,\"name\":\"Home\",\"item\":\"https:\/\/latvija.lintman.ee\/\"},{\"@type\":\"ListItem\",\"position\":2,\"name\":\"LINTMAN j\u00e4relmaks\"}]},{\"@type\":\"WebSite\",\"@id\":\"https:\/\/latvija.lintman.ee\/#website\",\"url\":\"https:\/\/latvija.lintman.ee\/\",\"name\":\"Lintman.ee\",\"description\":\"\",\"potentialAction\":[{\"@type\":\"SearchAction\",\"target\":{\"@type\":\"EntryPoint\",\"urlTemplate\":\"https:\/\/latvija.lintman.ee\/?s={search_term_string}\"},\"query-input\":{\"@type\":\"PropertyValueSpecification\",\"valueRequired\":true,\"valueName\":\"search_term_string\"}}],\"inLanguage\":\"en-US\"}]}<\/script>\n<!-- \/ Yoast SEO Premium plugin. -->","yoast_head_json":{"title":"LINTMAN j\u00e4relmaks - Lintman.ee","robots":{"index":"noindex","follow":"follow","max-snippet":"max-snippet:-1","max-image-preview":"max-image-preview:large","max-video-preview":"max-video-preview:-1"},"og_locale":"en_US","og_type":"article","og_title":"LINTMAN j\u00e4relmaks","og_description":"[vc_row][vc_column][vc_column_text] Ei soovi maksta kogu summat korraga? Maksa osamaksete kaupa! Kasuta toodete v\u00f5i teenuste eest maksmisel just Lintman j\u00e4relmaksu \u2013...","og_url":"https:\/\/latvija.lintman.ee\/jarelmaks\/","og_site_name":"Lintman.ee","article_publisher":"https:\/\/www.facebook.com\/lintmaneesti\/","article_modified_time":"2022-09-05T07:35:17+00:00","og_image":[{"url":"https:\/\/latvija.lintman.ee\/wp-content\/uploads\/2022\/09\/esto1-600x294.png","type":"","width":"","height":""}],"twitter_card":"summary_large_image","twitter_misc":{"Est. reading time":"3 minutes"},"schema":{"@context":"https:\/\/schema.org","@graph":[{"@type":"WebPage","@id":"https:\/\/latvija.lintman.ee\/jarelmaks\/","url":"https:\/\/latvija.lintman.ee\/jarelmaks\/","name":"LINTMAN j\u00e4relmaks - Lintman.ee","isPartOf":{"@id":"https:\/\/latvija.lintman.ee\/#website"},"primaryImageOfPage":{"@id":"https:\/\/latvija.lintman.ee\/jarelmaks\/#primaryimage"},"image":{"@id":"https:\/\/latvija.lintman.ee\/jarelmaks\/#primaryimage"},"thumbnailUrl":"https:\/\/latvija.lintman.ee\/wp-content\/uploads\/2022\/09\/esto1-600x294.png","datePublished":"2015-08-27T19:42:35+00:00","dateModified":"2022-09-05T07:35:17+00:00","breadcrumb":{"@id":"https:\/\/latvija.lintman.ee\/jarelmaks\/#breadcrumb"},"inLanguage":"en-US","potentialAction":[{"@type":"ReadAction","target":["https:\/\/latvija.lintman.ee\/jarelmaks\/"]}]},{"@type":"ImageObject","inLanguage":"en-US","@id":"https:\/\/latvija.lintman.ee\/jarelmaks\/#primaryimage","url":"https:\/\/latvija.lintman.ee\/wp-content\/uploads\/2022\/09\/esto1-600x294.png","contentUrl":"https:\/\/latvija.lintman.ee\/wp-content\/uploads\/2022\/09\/esto1-600x294.png"},{"@type":"BreadcrumbList","@id":"https:\/\/latvija.lintman.ee\/jarelmaks\/#breadcrumb","itemListElement":[{"@type":"ListItem","position":1,"name":"Home","item":"https:\/\/latvija.lintman.ee\/"},{"@type":"ListItem","position":2,"name":"LINTMAN j\u00e4relmaks"}]},{"@type":"WebSite","@id":"https:\/\/latvija.lintman.ee\/#website","url":"https:\/\/latvija.lintman.ee\/","name":"Lintman.ee","description":"","potentialAction":[{"@type":"SearchAction","target":{"@type":"EntryPoint","urlTemplate":"https:\/\/latvija.lintman.ee\/?s={search_term_string}"},"query-input":{"@type":"PropertyValueSpecification","valueRequired":true,"valueName":"search_term_string"}}],"inLanguage":"en-US"}]}},"_links":{"self":[{"href":"https:\/\/latvija.lintman.ee\/en\/wp-json\/wp\/v2\/pages\/4171","targetHints":{"allow":["GET"]}}],"collection":[{"href":"https:\/\/latvija.lintman.ee\/en\/wp-json\/wp\/v2\/pages"}],"about":[{"href":"https:\/\/latvija.lintman.ee\/en\/wp-json\/wp\/v2\/types\/page"}],"author":[{"embeddable":true,"href":"https:\/\/latvija.lintman.ee\/en\/wp-json\/wp\/v2\/users\/69"}],"replies":[{"embeddable":true,"href":"https:\/\/latvija.lintman.ee\/en\/wp-json\/wp\/v2\/comments?post=4171"}],"version-history":[{"count":0,"href":"https:\/\/latvija.lintman.ee\/en\/wp-json\/wp\/v2\/pages\/4171\/revisions"}],"wp:attachment":[{"href":"https:\/\/latvija.lintman.ee\/en\/wp-json\/wp\/v2\/media?parent=4171"}],"curies":[{"name":"wp","href":"https:\/\/api.w.org\/{rel}","templated":true}]}}