{"id":15071,"date":"2018-07-16T13:34:57","date_gmt":"2018-07-16T10:34:57","guid":{"rendered":"https:\/\/projekt.uptodate.ee\/lintmanlv\/?page_id=15071"},"modified":"2018-07-16T14:16:06","modified_gmt":"2018-07-16T11:16:06","slug":"hafa-westerbergs-noro","status":"publish","type":"page","link":"https:\/\/latvija.lintman.ee\/en\/hafa-westerbergs-noro\/","title":{"rendered":"HAFA Bathroom Group"},"content":{"rendered":"<div class=\"wpb-content-wrapper\"><p>[vc_row][vc_column width=&#8221;2\/3&#8243;][vc_column_text]<\/p>\n<h2><\/h2>\n<p><strong>Hafa<\/strong> on vannitubade sisustamises vaieldamatult P\u00f5hjamaade tugevaim br\u00e4nd ja turuliider. Keskendudes disainile, vastupidavusele ja uudsusele pakub Hafa Bathroom Group oma klientidele vannitoa turul parimaid tooteid. Hafa valikust leiab disainvanne, valamuid, erim\u00f5\u00f5dulist m\u00f6\u00f6blit mida saab vastavalt enda soovile komplekteerida ning valida ka erinevate viimistlusmaterjalide ja toonide vahel.\u00a0Hafa vannitubade klientideks on need, kes eelistavad kvaliteeti,\u00a0on huvitatud sisekujundusest ja soovivad viia l\u00e4bi kaasaegseid\u00a0uuendusi kodus. Koost\u00f6\u00f6s disaineritega tehakse pidevat tootearendust, et pakkuda klientidele parimate funktsioonide ja k\u00f5rge kvaliteediga tooteid ning saavutada nii terviklik ja l\u00e4bim\u00f5eldud lahendus Sinu vannituppa.<\/p>\n<p>&nbsp;<\/p>\n<h3><strong>Hafa\u00a0peamised eelised:<\/strong><\/h3>\n<ul>\n<li>Kaasaegne kaubam\u00e4rk<\/li>\n<li>Kaubam\u00e4rk keskendub kaasaegsele disainile ja vastupidavusele ning pakutab nii klientidele kui edasim\u00fc\u00fcjatele vannitoa segmendis parimaid tooteid;<\/li>\n<li>Toodete uuendusliku disaini ja mitmekesisusega luuakse klientidele v\u00f5imalus v\u00e4ljendada oma isiklikku stiili.<\/li>\n<li>Kaubam\u00e4rgi fookus kliendil<\/li>\n<li>Hafa Group\u00b4i meeskonna p\u00fchendumus ja uuenduslik m\u00f5tlemine tagab kvaliteedi k\u00f5igis valdkondades.<\/li>\n<\/ul>\n<p>[\/vc_column_text][\/vc_column][vc_column width=&#8221;1\/3&#8243;][vc_empty_space][vc_hoverbox image=&#8221;13161&#8243; primary_title=&#8221;&#8221; hover_title=&#8221;HAFA&#8221; hover_btn_title=&#8221;Avasta valik HAFA tooteid Lintmanis!&#8221; hover_btn_color=&#8221;blue&#8221; hover_add_button=&#8221;true&#8221; hover_btn_link=&#8221;url:https%3A%2F%2Flintman.ee%2Ftooted%2Fpage%2F4%2F%3Ffilter_tootja%3Dhafa|||&#8221;]P\u00f5hjamaade tugevaid br\u00e4nd ja turuliider vannitubade sisutamises![\/vc_hoverbox][\/vc_column][\/vc_row][vc_row][vc_column width=&#8221;1\/4&#8243;][vc_empty_space][vc_hoverbox image=&#8221;11575&#8243; primary_title=&#8221;&#8221; hover_title=&#8221;WESTERBERGS&#8221; hover_btn_title=&#8221;Avasta WESTERBERGS tooteid Lintmanis!&#8221; hover_btn_color=&#8221;blue&#8221; hover_add_button=&#8221;true&#8221; hover_btn_link=&#8221;url:https%3A%2F%2Flintman.ee%2Ftooted%2F%3Ffilter_tootja%3Dwesterbergs|||&#8221;]Skandinaavia disainiga funktionaalsed &amp; k\u00f5rge kvaliteediga massa<span lang=\"ET\">\u017e<\/span>ivannid.[\/vc_hoverbox][\/vc_column][vc_column width=&#8221;3\/4&#8243;][vc_column_text]<\/p>\n<h2>WESTERBERGS<\/h2>\n<p><a href=\"https:\/\/latvija.lintman.ee\/tooted\/?filter_tootja=westerbergs\"><strong>Westerbergs<\/strong><\/a> on P\u00f5hjamaade turuliider pakkudes Skandinaavia disainiga funktsionaalseid, k\u00f5rge\u00a0kvaliteetediga\u00a0massaa\u017eivanne.<\/p>\n<p>Westerbergsi vannide osas ei ole tehtud mingeid j\u00e4relandmisi kvaliteedi, disaini ega ka mugavuse osas. Vannid on tehtud spetsiaalselt m\u00f5eldes kaasaegse tarbija vajadustele ja rahulolule.<\/p>\n<p>Sihtgrupiks on t\u00e4nap\u00e4eva kiire eluviisiga inimesed, kes vajavad oma igap\u00e4eva t\u00f6\u00f6rutiini eest p\u00f5genemiseks l\u00f5\u00f5gastust ja heaolu. <strong>Westerberg &#8211; Spa Sinu kodus!<\/strong><\/p>\n<p>Tooted m\u00fc\u00fcakse spetsialiseerunud jaem\u00fc\u00fcjate kaudu. Tootevalik ja arendus \u00fcletab tihtipeale l\u00f5pptarbija ootusi. Kliendid, kes valivad Westerbergsi massaa\u017eivanni teavad, mida t\u00e4hendab kui on \u00fchildatud nii funktsionaalsus, kvaliteet kui ka Skandinaavia disain.[\/vc_column_text][\/vc_column][\/vc_row][vc_row][vc_column width=&#8221;2\/3&#8243;][vc_column_text]<\/p>\n<h2>NORO<\/h2>\n<p><a href=\"https:\/\/latvija.lintman.ee\/tooted\/?filter_tootja=noro\"><strong>Noro<\/strong><\/a> on Hafa Bathroom Groupi kolmas ja k\u00f5ige uuem br\u00e4nd, mis on loodud aastal 2007.<\/p>\n<p>NORO on t\u00e4na Rootsi suurim vannitubade pakkuja mis koosneb \u00fcle 40-aastase kogemusega meeskonnast. Noro br\u00e4ndi esindab P\u00f5hjamaades rohkem kui 250 edasim\u00fc\u00fcjat.<\/p>\n<p>Noro\u00a0disainifilosoofia p\u00f5hineb P\u00f5hjamaade k\u00f5rge kvaliteediga traditsioonidel. Noro tootevalik on \u00e4\u00e4rmiselt lai ja spetsialiseerunud laiemale sihtgrupile. Tootevalikust leiab iga\u00fcks enda vannituppa sobiliku valamu, segisti, vanni v\u00f5i valamukapi. Noro m\u00f6\u00f6blivalik katab \u00e4ra nii v\u00e4ikeste kui ja avarate vannitubade vajadused. Kitsad valamud on \u00e4\u00e4rmiselt praktilised v\u00e4iksemates vannitubades kuid sama-aegselt on valik \u00e4\u00e4rmiselt lai, pakkudes endiselt kaasaegseid disaine ja v\u00f5imaldades leida igal kliendil endale meelep\u00e4rane vannitoasisustamiseks vajalik element. <strong>Noro br\u00e4ndi p\u00f5hiv\u00e4\u00e4rtus on kliendi rahulolu tagamine.<\/strong>\u00a0Noroga kokku puutunud kliendid teavad, et kaubam\u00e4rgi alt leiab tervikliku lahenduse oma vannituppa, mis on \u00fchtlasi kvaliteetne ja funktsionaalne. Noro kaubam\u00e4rgi eesm\u00e4rk on olla tootevalikuga\u00a0turvaline,\u00a0lihtne ja personaalne.<\/p>\n<p><strong>Safe! Simple! Personal! &#8211; NORO Spirit!<\/strong>[\/vc_column_text][\/vc_column][vc_column width=&#8221;1\/3&#8243;][vc_empty_space][vc_hoverbox image=&#8221;12525&#8243; primary_title=&#8221;&#8221; hover_title=&#8221;NORO&#8221; hover_btn_title=&#8221;Avasta NORO tooteid Lintmanis!&#8221; hover_btn_color=&#8221;blue&#8221; hover_add_button=&#8221;true&#8221; hover_btn_link=&#8221;url:https%3A%2F%2Flintman.ee%2Ftooted%2Fpage%2F5%2F%3Ffilter_tootja%3Dnoro|||&#8221;]Rootsi suurim vannitubade pakkuja.[\/vc_hoverbox][\/vc_column][\/vc_row][vc_row][vc_column width=&#8221;1\/4&#8243;][vc_single_image image=&#8221;15056&#8243; img_size=&#8221;medium&#8221; onclick=&#8221;custom_link&#8221; link=&#8221;https:\/\/latvija.lintman.ee\/asukoht-kontakt\/&#8221;][\/vc_column][vc_column width=&#8221;3\/4&#8243;][vc_cta h2=&#8221;Vajad abi vannitoa planeerimisel ja sisustamisel?&#8221; h4=&#8221;Meie professionaalsed disainerid aitavad hea meelega.&#8221; add_button=&#8221;right&#8221; btn_title=&#8221;Tule salongi!&#8221; btn_color=&#8221;blue&#8221; btn_link=&#8221;url:https%3A%2F%2Flintman.ee%2Fasukoht-kontakt%2F|||&#8221;]<span style=\"color: #003366;\">Aitame planeerida ning kujundame sobiva vannitoa kasutades modernseid 3D lahendusi. Tule k\u00fclasta meie salongi!<\/span>[\/vc_cta][\/vc_column][\/vc_row]<\/p>\n<\/div>","protected":false},"excerpt":{"rendered":"<p>[vc_row][vc_column width=&#8221;2\/3&#8243;][vc_column_text] Hafa on vannitubade sisustamises vaieldamatult P\u00f5hjamaade tugevaim br\u00e4nd ja turuliider. Keskendudes disainile, vastupidavusele ja uudsusele pakub Hafa Bathroom&#8230;<\/p>\n","protected":false},"author":69,"featured_media":12525,"parent":0,"menu_order":0,"comment_status":"closed","ping_status":"closed","template":"","meta":{"_acf_changed":false,"footnotes":""},"class_list":["post-15071","page","type-page","status-publish","has-post-thumbnail","hentry"],"acf":[],"yoast_head":"<!-- This site is optimized with the Yoast SEO Premium plugin v23.4 (Yoast SEO v27.2) - https:\/\/yoast.com\/product\/yoast-seo-premium-wordpress\/ -->\n<title>HAFA, NORO Vannitoad | Skandinaavia kvaliteet-kaubam\u00e4rgid | LINTMAN<\/title>\n<meta name=\"description\" content=\"HAFA Bathroom Group on Rootsi ettev\u00f5te ning tootab kaubam\u00e4rkide HAFA, WESTERBERGS ja NORO all kvaliteetset vannitoam\u00f6\u00f6blit ning santehnikat.\" \/>\n<meta name=\"robots\" content=\"noindex, follow, max-snippet:-1, max-image-preview:large, max-video-preview:-1\" \/>\n<meta property=\"og:locale\" content=\"en_US\" \/>\n<meta property=\"og:type\" content=\"article\" \/>\n<meta property=\"og:title\" content=\"Hafa, Westerbergs, Noro - Skandinaavia disain LINTMANi valikus\" \/>\n<meta property=\"og:description\" content=\"HAFA Bathroom Group on Rootsi ettev\u00f5te ning tootab kaubam\u00e4rkide HAFA, WESTERBERGS ja NORO all kvaliteetset vannitoam\u00f6\u00f6blit ning santehnikat.\" \/>\n<meta property=\"og:url\" content=\"https:\/\/latvija.lintman.ee\/hafa-westerbergs-noro\/\" \/>\n<meta property=\"og:site_name\" content=\"Lintman.ee\" \/>\n<meta property=\"article:publisher\" content=\"https:\/\/www.facebook.com\/lintmaneesti\/\" \/>\n<meta property=\"article:modified_time\" content=\"2018-07-16T11:16:06+00:00\" \/>\n<meta property=\"og:image\" content=\"https:\/\/latvija.lintman.ee\/wp-content\/uploads\/2018\/03\/Noro-Seaside-seeria.jpg\" \/>\n\t<meta property=\"og:image:width\" content=\"942\" \/>\n\t<meta property=\"og:image:height\" content=\"612\" \/>\n\t<meta property=\"og:image:type\" content=\"image\/jpeg\" \/>\n<meta name=\"twitter:card\" content=\"summary_large_image\" \/>\n<meta name=\"twitter:title\" content=\"HAFA Bathroom Group\" \/>\n<meta name=\"twitter:label1\" content=\"Est. reading time\" \/>\n\t<meta name=\"twitter:data1\" content=\"4 minutes\" \/>\n<script type=\"application\/ld+json\" class=\"yoast-schema-graph\">{\"@context\":\"https:\/\/schema.org\",\"@graph\":[{\"@type\":\"WebPage\",\"@id\":\"https:\/\/latvija.lintman.ee\/hafa-westerbergs-noro\/\",\"url\":\"https:\/\/latvija.lintman.ee\/hafa-westerbergs-noro\/\",\"name\":\"HAFA, NORO Vannitoad | Skandinaavia kvaliteet-kaubam\u00e4rgid | LINTMAN\",\"isPartOf\":{\"@id\":\"https:\/\/latvija.lintman.ee\/#website\"},\"primaryImageOfPage\":{\"@id\":\"https:\/\/latvija.lintman.ee\/hafa-westerbergs-noro\/#primaryimage\"},\"image\":{\"@id\":\"https:\/\/latvija.lintman.ee\/hafa-westerbergs-noro\/#primaryimage\"},\"thumbnailUrl\":\"https:\/\/latvija.lintman.ee\/wp-content\/uploads\/2018\/03\/NORO-Ocena-Multi-k\u00e4epide.jpg\",\"datePublished\":\"2018-07-16T10:34:57+00:00\",\"dateModified\":\"2018-07-16T11:16:06+00:00\",\"description\":\"HAFA Bathroom Group on Rootsi ettev\u00f5te ning tootab kaubam\u00e4rkide HAFA, WESTERBERGS ja NORO all kvaliteetset vannitoam\u00f6\u00f6blit ning santehnikat.\",\"breadcrumb\":{\"@id\":\"https:\/\/latvija.lintman.ee\/hafa-westerbergs-noro\/#breadcrumb\"},\"inLanguage\":\"en-US\",\"potentialAction\":[{\"@type\":\"ReadAction\",\"target\":[\"https:\/\/latvija.lintman.ee\/hafa-westerbergs-noro\/\"]}]},{\"@type\":\"ImageObject\",\"inLanguage\":\"en-US\",\"@id\":\"https:\/\/latvija.lintman.ee\/hafa-westerbergs-noro\/#primaryimage\",\"url\":\"https:\/\/latvija.lintman.ee\/wp-content\/uploads\/2018\/03\/NORO-Ocena-Multi-k\u00e4epide.jpg\",\"contentUrl\":\"https:\/\/latvija.lintman.ee\/wp-content\/uploads\/2018\/03\/NORO-Ocena-Multi-k\u00e4epide.jpg\",\"width\":488,\"height\":387},{\"@type\":\"BreadcrumbList\",\"@id\":\"https:\/\/latvija.lintman.ee\/hafa-westerbergs-noro\/#breadcrumb\",\"itemListElement\":[{\"@type\":\"ListItem\",\"position\":1,\"name\":\"Home\",\"item\":\"https:\/\/latvija.lintman.ee\/\"},{\"@type\":\"ListItem\",\"position\":2,\"name\":\"HAFA Bathroom Group\"}]},{\"@type\":\"WebSite\",\"@id\":\"https:\/\/latvija.lintman.ee\/#website\",\"url\":\"https:\/\/latvija.lintman.ee\/\",\"name\":\"Lintman.ee\",\"description\":\"\",\"potentialAction\":[{\"@type\":\"SearchAction\",\"target\":{\"@type\":\"EntryPoint\",\"urlTemplate\":\"https:\/\/latvija.lintman.ee\/?s={search_term_string}\"},\"query-input\":{\"@type\":\"PropertyValueSpecification\",\"valueRequired\":true,\"valueName\":\"search_term_string\"}}],\"inLanguage\":\"en-US\"}]}<\/script>\n<!-- \/ Yoast SEO Premium plugin. -->","yoast_head_json":{"title":"HAFA, NORO Vannitoad | Skandinaavia kvaliteet-kaubam\u00e4rgid | LINTMAN","description":"HAFA Bathroom Group on Rootsi ettev\u00f5te ning tootab kaubam\u00e4rkide HAFA, WESTERBERGS ja NORO all kvaliteetset vannitoam\u00f6\u00f6blit ning santehnikat.","robots":{"index":"noindex","follow":"follow","max-snippet":"max-snippet:-1","max-image-preview":"max-image-preview:large","max-video-preview":"max-video-preview:-1"},"og_locale":"en_US","og_type":"article","og_title":"Hafa, Westerbergs, Noro - Skandinaavia disain LINTMANi valikus","og_description":"HAFA Bathroom Group on Rootsi ettev\u00f5te ning tootab kaubam\u00e4rkide HAFA, WESTERBERGS ja NORO all kvaliteetset vannitoam\u00f6\u00f6blit ning santehnikat.","og_url":"https:\/\/latvija.lintman.ee\/hafa-westerbergs-noro\/","og_site_name":"Lintman.ee","article_publisher":"https:\/\/www.facebook.com\/lintmaneesti\/","article_modified_time":"2018-07-16T11:16:06+00:00","og_image":[{"width":942,"height":612,"url":"https:\/\/latvija.lintman.ee\/wp-content\/uploads\/2018\/03\/Noro-Seaside-seeria.jpg","type":"image\/jpeg"}],"twitter_card":"summary_large_image","twitter_title":"HAFA Bathroom Group","twitter_misc":{"Est. reading time":"4 minutes"},"schema":{"@context":"https:\/\/schema.org","@graph":[{"@type":"WebPage","@id":"https:\/\/latvija.lintman.ee\/hafa-westerbergs-noro\/","url":"https:\/\/latvija.lintman.ee\/hafa-westerbergs-noro\/","name":"HAFA, NORO Vannitoad | Skandinaavia kvaliteet-kaubam\u00e4rgid | LINTMAN","isPartOf":{"@id":"https:\/\/latvija.lintman.ee\/#website"},"primaryImageOfPage":{"@id":"https:\/\/latvija.lintman.ee\/hafa-westerbergs-noro\/#primaryimage"},"image":{"@id":"https:\/\/latvija.lintman.ee\/hafa-westerbergs-noro\/#primaryimage"},"thumbnailUrl":"https:\/\/latvija.lintman.ee\/wp-content\/uploads\/2018\/03\/NORO-Ocena-Multi-k\u00e4epide.jpg","datePublished":"2018-07-16T10:34:57+00:00","dateModified":"2018-07-16T11:16:06+00:00","description":"HAFA Bathroom Group on Rootsi ettev\u00f5te ning tootab kaubam\u00e4rkide HAFA, WESTERBERGS ja NORO all kvaliteetset vannitoam\u00f6\u00f6blit ning santehnikat.","breadcrumb":{"@id":"https:\/\/latvija.lintman.ee\/hafa-westerbergs-noro\/#breadcrumb"},"inLanguage":"en-US","potentialAction":[{"@type":"ReadAction","target":["https:\/\/latvija.lintman.ee\/hafa-westerbergs-noro\/"]}]},{"@type":"ImageObject","inLanguage":"en-US","@id":"https:\/\/latvija.lintman.ee\/hafa-westerbergs-noro\/#primaryimage","url":"https:\/\/latvija.lintman.ee\/wp-content\/uploads\/2018\/03\/NORO-Ocena-Multi-k\u00e4epide.jpg","contentUrl":"https:\/\/latvija.lintman.ee\/wp-content\/uploads\/2018\/03\/NORO-Ocena-Multi-k\u00e4epide.jpg","width":488,"height":387},{"@type":"BreadcrumbList","@id":"https:\/\/latvija.lintman.ee\/hafa-westerbergs-noro\/#breadcrumb","itemListElement":[{"@type":"ListItem","position":1,"name":"Home","item":"https:\/\/latvija.lintman.ee\/"},{"@type":"ListItem","position":2,"name":"HAFA Bathroom Group"}]},{"@type":"WebSite","@id":"https:\/\/latvija.lintman.ee\/#website","url":"https:\/\/latvija.lintman.ee\/","name":"Lintman.ee","description":"","potentialAction":[{"@type":"SearchAction","target":{"@type":"EntryPoint","urlTemplate":"https:\/\/latvija.lintman.ee\/?s={search_term_string}"},"query-input":{"@type":"PropertyValueSpecification","valueRequired":true,"valueName":"search_term_string"}}],"inLanguage":"en-US"}]}},"_links":{"self":[{"href":"https:\/\/latvija.lintman.ee\/en\/wp-json\/wp\/v2\/pages\/15071","targetHints":{"allow":["GET"]}}],"collection":[{"href":"https:\/\/latvija.lintman.ee\/en\/wp-json\/wp\/v2\/pages"}],"about":[{"href":"https:\/\/latvija.lintman.ee\/en\/wp-json\/wp\/v2\/types\/page"}],"author":[{"embeddable":true,"href":"https:\/\/latvija.lintman.ee\/en\/wp-json\/wp\/v2\/users\/69"}],"replies":[{"embeddable":true,"href":"https:\/\/latvija.lintman.ee\/en\/wp-json\/wp\/v2\/comments?post=15071"}],"version-history":[{"count":0,"href":"https:\/\/latvija.lintman.ee\/en\/wp-json\/wp\/v2\/pages\/15071\/revisions"}],"wp:featuredmedia":[{"embeddable":true,"href":"https:\/\/latvija.lintman.ee\/en\/wp-json\/wp\/v2\/media\/12525"}],"wp:attachment":[{"href":"https:\/\/latvija.lintman.ee\/en\/wp-json\/wp\/v2\/media?parent=15071"}],"curies":[{"name":"wp","href":"https:\/\/api.w.org\/{rel}","templated":true}]}}