{"id":15023,"date":"2018-07-11T15:12:19","date_gmt":"2018-07-11T12:12:19","guid":{"rendered":"http:\/\/lintman.ee\/?page_id=15023"},"modified":"2020-10-10T15:45:09","modified_gmt":"2020-10-10T12:45:09","slug":"registreeri-disaineri-noustamisele","status":"publish","type":"page","link":"https:\/\/latvija.lintman.ee\/en\/registreeri-disaineri-noustamisele\/","title":{"rendered":"Vannitoa disain: K\u00fcsi n\u00f5u!"},"content":{"rendered":"<p>Vannitoa disain ja kujundamine on keeruline? Ei tea kust alustada? Meie klienditeenindajad annavad praktilist n\u00f5u vannitoa planeerimisel ja sisustamisel. T\u00e4itke k\u00f5rvalolev vorm ja v\u00f5tame Teiega \u00fchendust, et leppida kokku n\u00f5ustamise aeg.<\/p>\n<p>N\u00f5ustamist pakume ka Skype teel. Selleks j\u00e4tta meile palun ka oma Skype kasutaja info.<\/p>\n<p><strong>Sinu vannituba on meie s\u00fcdameasi!<\/strong><\/p>\n<p><strong>Aadress:<\/strong>\u00a0<a href=\"https:\/\/goo.gl\/maps\/PZAzLPTnZpQ2\" target=\"_blank\" rel=\"noopener noreferrer\">Lauliku 2b, Tallinn, 10919<\/a><br \/>\n<strong>Avatud:<\/strong>\u00a0E-N 10:00-18:00, R 10:00-17:00<\/p>\n<p><strong>Telefon:<\/strong>\u00a0<a href=\"tel:+3726776478\">+372 677 6478<\/a><br \/>\n<strong>E-mail:<\/strong>\u00a0<a href=\"mailto:info@lintman.ee\">salong@lintman.ee<\/a><\/p>\n","protected":false},"excerpt":{"rendered":"<p>Vannitoa disain ja kujundamine on keeruline? Ei tea kust alustada? Meie klienditeenindajad annavad praktilist n\u00f5u vannitoa planeerimisel ja sisustamisel. T\u00e4itke&#8230;<\/p>\n","protected":false},"author":69,"featured_media":25459,"parent":0,"menu_order":0,"comment_status":"closed","ping_status":"closed","template":"template-consulting.php","meta":{"_acf_changed":false,"footnotes":""},"class_list":["post-15023","page","type-page","status-publish","has-post-thumbnail","hentry"],"acf":[],"yoast_head":"<!-- This site is optimized with the Yoast SEO Premium plugin v23.4 (Yoast SEO v27.2) - https:\/\/yoast.com\/product\/yoast-seo-premium-wordpress\/ -->\n<title>Vannitoa disain ja sisekujundus - Registreeri n\u00f5ustamisele! | LINTMAN<\/title>\n<meta name=\"description\" content=\"Vannitoa disain ja kujundamine on sinu jaoks keeruline? Anname praktilist n\u00f5u vannitoa planeerimisel ja sisustamisel. Registreeri disaini n\u00f5ustamisele!\" \/>\n<meta name=\"robots\" content=\"noindex, follow, max-snippet:-1, max-image-preview:large, max-video-preview:-1\" \/>\n<meta property=\"og:locale\" content=\"en_US\" \/>\n<meta property=\"og:type\" content=\"article\" \/>\n<meta property=\"og:title\" content=\"Vannitoa disain ja sisekujundus - Registreeri n\u00f5ustamisele! | LINTMAN\" \/>\n<meta property=\"og:description\" content=\"Vannitoa disain ja kujundamine on sinu jaoks keeruline? Anname praktilist n\u00f5u vannitoa planeerimisel ja sisustamisel. Registreeri disaini n\u00f5ustamisele!\" \/>\n<meta property=\"og:url\" content=\"https:\/\/latvija.lintman.ee\/registreeri-disaineri-noustamisele\/\" \/>\n<meta property=\"og:site_name\" content=\"Lintman.ee\" \/>\n<meta property=\"article:publisher\" content=\"https:\/\/www.facebook.com\/lintmaneesti\/\" \/>\n<meta property=\"article:modified_time\" content=\"2020-10-10T12:45:09+00:00\" \/>\n<meta property=\"og:image\" content=\"https:\/\/latvija.lintman.ee\/wp-content\/uploads\/2020\/03\/Disaini-no\u0303ustamine.png\" \/>\n\t<meta property=\"og:image:width\" content=\"560\" \/>\n\t<meta property=\"og:image:height\" content=\"315\" \/>\n\t<meta property=\"og:image:type\" content=\"image\/png\" \/>\n<meta name=\"twitter:card\" content=\"summary_large_image\" \/>\n<meta name=\"twitter:title\" content=\"Vannitoa disain: K\u00fcsi n\u00f5u!\" \/>\n<script type=\"application\/ld+json\" class=\"yoast-schema-graph\">{\"@context\":\"https:\/\/schema.org\",\"@graph\":[{\"@type\":\"WebPage\",\"@id\":\"https:\/\/latvija.lintman.ee\/registreeri-disaineri-noustamisele\/\",\"url\":\"https:\/\/latvija.lintman.ee\/registreeri-disaineri-noustamisele\/\",\"name\":\"Vannitoa disain ja sisekujundus - Registreeri n\u00f5ustamisele! | LINTMAN\",\"isPartOf\":{\"@id\":\"https:\/\/latvija.lintman.ee\/#website\"},\"primaryImageOfPage\":{\"@id\":\"https:\/\/latvija.lintman.ee\/registreeri-disaineri-noustamisele\/#primaryimage\"},\"image\":{\"@id\":\"https:\/\/latvija.lintman.ee\/registreeri-disaineri-noustamisele\/#primaryimage\"},\"thumbnailUrl\":\"https:\/\/latvija.lintman.ee\/wp-content\/uploads\/2020\/03\/Disaini-no\u0303ustamine.png\",\"datePublished\":\"2018-07-11T12:12:19+00:00\",\"dateModified\":\"2020-10-10T12:45:09+00:00\",\"description\":\"Vannitoa disain ja kujundamine on sinu jaoks keeruline? Anname praktilist n\u00f5u vannitoa planeerimisel ja sisustamisel. Registreeri disaini n\u00f5ustamisele!\",\"breadcrumb\":{\"@id\":\"https:\/\/latvija.lintman.ee\/registreeri-disaineri-noustamisele\/#breadcrumb\"},\"inLanguage\":\"en-US\",\"potentialAction\":[{\"@type\":\"ReadAction\",\"target\":[\"https:\/\/latvija.lintman.ee\/registreeri-disaineri-noustamisele\/\"]}]},{\"@type\":\"ImageObject\",\"inLanguage\":\"en-US\",\"@id\":\"https:\/\/latvija.lintman.ee\/registreeri-disaineri-noustamisele\/#primaryimage\",\"url\":\"https:\/\/latvija.lintman.ee\/wp-content\/uploads\/2020\/03\/Disaini-no\u0303ustamine.png\",\"contentUrl\":\"https:\/\/latvija.lintman.ee\/wp-content\/uploads\/2020\/03\/Disaini-no\u0303ustamine.png\",\"width\":560,\"height\":315,\"caption\":\"vannitoa disaini siskujundus n\u00f5ustamine\"},{\"@type\":\"BreadcrumbList\",\"@id\":\"https:\/\/latvija.lintman.ee\/registreeri-disaineri-noustamisele\/#breadcrumb\",\"itemListElement\":[{\"@type\":\"ListItem\",\"position\":1,\"name\":\"Home\",\"item\":\"https:\/\/latvija.lintman.ee\/\"},{\"@type\":\"ListItem\",\"position\":2,\"name\":\"Vannitoa disain: K\u00fcsi n\u00f5u!\"}]},{\"@type\":\"WebSite\",\"@id\":\"https:\/\/latvija.lintman.ee\/#website\",\"url\":\"https:\/\/latvija.lintman.ee\/\",\"name\":\"Lintman.ee\",\"description\":\"\",\"potentialAction\":[{\"@type\":\"SearchAction\",\"target\":{\"@type\":\"EntryPoint\",\"urlTemplate\":\"https:\/\/latvija.lintman.ee\/?s={search_term_string}\"},\"query-input\":{\"@type\":\"PropertyValueSpecification\",\"valueRequired\":true,\"valueName\":\"search_term_string\"}}],\"inLanguage\":\"en-US\"}]}<\/script>\n<!-- \/ Yoast SEO Premium plugin. -->","yoast_head_json":{"title":"Vannitoa disain ja sisekujundus - Registreeri n\u00f5ustamisele! | LINTMAN","description":"Vannitoa disain ja kujundamine on sinu jaoks keeruline? Anname praktilist n\u00f5u vannitoa planeerimisel ja sisustamisel. Registreeri disaini n\u00f5ustamisele!","robots":{"index":"noindex","follow":"follow","max-snippet":"max-snippet:-1","max-image-preview":"max-image-preview:large","max-video-preview":"max-video-preview:-1"},"og_locale":"en_US","og_type":"article","og_title":"Vannitoa disain ja sisekujundus - Registreeri n\u00f5ustamisele! | LINTMAN","og_description":"Vannitoa disain ja kujundamine on sinu jaoks keeruline? Anname praktilist n\u00f5u vannitoa planeerimisel ja sisustamisel. Registreeri disaini n\u00f5ustamisele!","og_url":"https:\/\/latvija.lintman.ee\/registreeri-disaineri-noustamisele\/","og_site_name":"Lintman.ee","article_publisher":"https:\/\/www.facebook.com\/lintmaneesti\/","article_modified_time":"2020-10-10T12:45:09+00:00","og_image":[{"width":560,"height":315,"url":"https:\/\/latvija.lintman.ee\/wp-content\/uploads\/2020\/03\/Disaini-no\u0303ustamine.png","type":"image\/png"}],"twitter_card":"summary_large_image","twitter_title":"Vannitoa disain: K\u00fcsi n\u00f5u!","schema":{"@context":"https:\/\/schema.org","@graph":[{"@type":"WebPage","@id":"https:\/\/latvija.lintman.ee\/registreeri-disaineri-noustamisele\/","url":"https:\/\/latvija.lintman.ee\/registreeri-disaineri-noustamisele\/","name":"Vannitoa disain ja sisekujundus - Registreeri n\u00f5ustamisele! | LINTMAN","isPartOf":{"@id":"https:\/\/latvija.lintman.ee\/#website"},"primaryImageOfPage":{"@id":"https:\/\/latvija.lintman.ee\/registreeri-disaineri-noustamisele\/#primaryimage"},"image":{"@id":"https:\/\/latvija.lintman.ee\/registreeri-disaineri-noustamisele\/#primaryimage"},"thumbnailUrl":"https:\/\/latvija.lintman.ee\/wp-content\/uploads\/2020\/03\/Disaini-no\u0303ustamine.png","datePublished":"2018-07-11T12:12:19+00:00","dateModified":"2020-10-10T12:45:09+00:00","description":"Vannitoa disain ja kujundamine on sinu jaoks keeruline? Anname praktilist n\u00f5u vannitoa planeerimisel ja sisustamisel. Registreeri disaini n\u00f5ustamisele!","breadcrumb":{"@id":"https:\/\/latvija.lintman.ee\/registreeri-disaineri-noustamisele\/#breadcrumb"},"inLanguage":"en-US","potentialAction":[{"@type":"ReadAction","target":["https:\/\/latvija.lintman.ee\/registreeri-disaineri-noustamisele\/"]}]},{"@type":"ImageObject","inLanguage":"en-US","@id":"https:\/\/latvija.lintman.ee\/registreeri-disaineri-noustamisele\/#primaryimage","url":"https:\/\/latvija.lintman.ee\/wp-content\/uploads\/2020\/03\/Disaini-no\u0303ustamine.png","contentUrl":"https:\/\/latvija.lintman.ee\/wp-content\/uploads\/2020\/03\/Disaini-no\u0303ustamine.png","width":560,"height":315,"caption":"vannitoa disaini siskujundus n\u00f5ustamine"},{"@type":"BreadcrumbList","@id":"https:\/\/latvija.lintman.ee\/registreeri-disaineri-noustamisele\/#breadcrumb","itemListElement":[{"@type":"ListItem","position":1,"name":"Home","item":"https:\/\/latvija.lintman.ee\/"},{"@type":"ListItem","position":2,"name":"Vannitoa disain: K\u00fcsi n\u00f5u!"}]},{"@type":"WebSite","@id":"https:\/\/latvija.lintman.ee\/#website","url":"https:\/\/latvija.lintman.ee\/","name":"Lintman.ee","description":"","potentialAction":[{"@type":"SearchAction","target":{"@type":"EntryPoint","urlTemplate":"https:\/\/latvija.lintman.ee\/?s={search_term_string}"},"query-input":{"@type":"PropertyValueSpecification","valueRequired":true,"valueName":"search_term_string"}}],"inLanguage":"en-US"}]}},"_links":{"self":[{"href":"https:\/\/latvija.lintman.ee\/en\/wp-json\/wp\/v2\/pages\/15023","targetHints":{"allow":["GET"]}}],"collection":[{"href":"https:\/\/latvija.lintman.ee\/en\/wp-json\/wp\/v2\/pages"}],"about":[{"href":"https:\/\/latvija.lintman.ee\/en\/wp-json\/wp\/v2\/types\/page"}],"author":[{"embeddable":true,"href":"https:\/\/latvija.lintman.ee\/en\/wp-json\/wp\/v2\/users\/69"}],"replies":[{"embeddable":true,"href":"https:\/\/latvija.lintman.ee\/en\/wp-json\/wp\/v2\/comments?post=15023"}],"version-history":[{"count":0,"href":"https:\/\/latvija.lintman.ee\/en\/wp-json\/wp\/v2\/pages\/15023\/revisions"}],"wp:featuredmedia":[{"embeddable":true,"href":"https:\/\/latvija.lintman.ee\/en\/wp-json\/wp\/v2\/media\/25459"}],"wp:attachment":[{"href":"https:\/\/latvija.lintman.ee\/en\/wp-json\/wp\/v2\/media?parent=15023"}],"curies":[{"name":"wp","href":"https:\/\/api.w.org\/{rel}","templated":true}]}}